{"id":121,"date":"2020-03-18T21:28:22","date_gmt":"2020-03-18T21:28:22","guid":{"rendered":"http:\/\/localhost\/rdcg\/?page_id=121"},"modified":"2026-03-11T18:57:34","modified_gmt":"2026-03-11T18:57:34","slug":"o-nas","status":"publish","type":"page","link":"https:\/\/rd-crnigraben.si\/index.php\/o-nas\/","title":{"rendered":"O Nas \/ Kontakt"},"content":{"rendered":"\n<div class=\"wp-block-columns is-layout-flex wp-container-core-columns-is-layout-9d6595d7 wp-block-columns-is-layout-flex\">\n<div class=\"wp-block-column is-layout-flow wp-block-column-is-layout-flow\">\n<p><strong>RIBI\u0160KO DRU\u0160TVO \u010cRNI GRABEN<\/strong><\/p>\n\n\n\n<p>Veidrov trg 7;  \u0160entvid pri Lukovici  <\/p>\n\n\n\n<p>1225 Lukovica<\/p>\n\n\n\n<p>Telefonska \u0161tevilka: 041 606 410<\/p>\n\n\n\n<p>Email naslov: <a href=\"mailto:ribiskodrustvo.crnigraben@gmail.com\" data-type=\"mailto\" data-id=\"mailto:ribiskodrustvo.crnigraben@gmail.com\">ribiskodrustvo.crnigraben@gmail.com<\/a><\/p>\n\n\n\n<p>TRR: SI56-0230-6025-3777-911<\/p>\n<\/div>\n\n\n\n<div class=\"wp-block-column is-layout-flow wp-block-column-is-layout-flow\">\n<p><strong>Predsednik:<\/strong>&nbsp;Sandi Ceglar<\/p>\n\n\n\n<p><strong>Tajnica:<\/strong>&nbsp;Nina Puc<\/p>\n\n\n\n<p><strong>Blagajni\u010darka:<\/strong>&nbsp;Milena Igli\u010d<\/p>\n\n\n\n<p><strong>Gospodar ribnikov:<\/strong>&nbsp;Rok Debeljak<\/p>\n\n\n\n<p><strong>Vodja \u010duvajske slu\u017ebe:<\/strong> Roman Ker\u017ean (031 687 526)<\/p>\n\n\n\n<p class=\"has-text-align-left\"><strong>\u010cuvaji:<\/strong> Danilo Kastelic, Henry Bartol, Jure Kri\u017eman, Roman Ker\u017ean in Sandi Ceglar<\/p>\n<\/div>\n<\/div>\n\n\n\n<div style=\"height:30px\" aria-hidden=\"true\" class=\"wp-block-spacer\"><\/div>\n\n\n\n<hr class=\"wp-block-separator has-css-opacity\"\/>\n\n\n\n<p><\/p>\n","protected":false},"excerpt":{"rendered":"<p>RIBI\u0160KO DRU\u0160TVO \u010cRNI GRABEN Veidrov trg 7; \u0160entvid pri Lukovici 1225 Lukovica Telefonska \u0161tevilka: 041 606 410 Email naslov: ribiskodrustvo.crnigraben@gmail.com TRR: SI56-0230-6025-3777-911 Predsednik:&nbsp;Sandi Ceglar Tajnica:&nbsp;Nina Puc Blagajni\u010darka:&nbsp;Milena Igli\u010d Gospodar ribnikov:&nbsp;Rok Debeljak Vodja \u010duvajske slu\u017ebe: Roman Ker\u017ean (031 687 526) \u010cuvaji: Danilo Kastelic, Henry Bartol, Jure Kri\u017eman, Roman Ker\u017ean in Sandi Ceglar<\/p>\n","protected":false},"author":1,"featured_media":0,"parent":0,"menu_order":0,"comment_status":"closed","ping_status":"closed","template":"","meta":{"footnotes":""},"class_list":["post-121","page","type-page","status-publish","hentry"],"aioseo_notices":[],"_links":{"self":[{"href":"https:\/\/rd-crnigraben.si\/index.php\/wp-json\/wp\/v2\/pages\/121","targetHints":{"allow":["GET"]}}],"collection":[{"href":"https:\/\/rd-crnigraben.si\/index.php\/wp-json\/wp\/v2\/pages"}],"about":[{"href":"https:\/\/rd-crnigraben.si\/index.php\/wp-json\/wp\/v2\/types\/page"}],"author":[{"embeddable":true,"href":"https:\/\/rd-crnigraben.si\/index.php\/wp-json\/wp\/v2\/users\/1"}],"replies":[{"embeddable":true,"href":"https:\/\/rd-crnigraben.si\/index.php\/wp-json\/wp\/v2\/comments?post=121"}],"version-history":[{"count":29,"href":"https:\/\/rd-crnigraben.si\/index.php\/wp-json\/wp\/v2\/pages\/121\/revisions"}],"predecessor-version":[{"id":3055,"href":"https:\/\/rd-crnigraben.si\/index.php\/wp-json\/wp\/v2\/pages\/121\/revisions\/3055"}],"wp:attachment":[{"href":"https:\/\/rd-crnigraben.si\/index.php\/wp-json\/wp\/v2\/media?parent=121"}],"curies":[{"name":"wp","href":"https:\/\/api.w.org\/{rel}","templated":true}]}}