{"id":125,"date":"2020-03-18T21:36:16","date_gmt":"2020-03-18T21:36:16","guid":{"rendered":"http:\/\/localhost\/rdcg\/?page_id=125"},"modified":"2024-01-17T19:44:53","modified_gmt":"2024-01-17T19:44:53","slug":"revirji","status":"publish","type":"page","link":"https:\/\/rd-crnigraben.si\/index.php\/revirji\/","title":{"rendered":"Revirji"},"content":{"rendered":"\n<div class=\"wp-block-group\"><div class=\"wp-block-group__inner-container is-layout-flow wp-block-group-is-layout-flow\">\n<div class=\"wp-block-group\"><div class=\"wp-block-group__inner-container is-layout-flow wp-block-group-is-layout-flow\">\n<div class=\"wp-block-group\"><div class=\"wp-block-group__inner-container is-layout-flow wp-block-group-is-layout-flow\">\n<div class=\"wp-block-group\"><div class=\"wp-block-group__inner-container is-layout-flow wp-block-group-is-layout-flow\">\n<h2 class=\"wp-block-heading\"><strong>Prevoje 4  &#8211; \u0160panov ribnik<\/strong><\/h2>\n<\/div><\/div>\n<\/div><\/div>\n<\/div><\/div>\n<\/div><\/div>\n\n\n\n<div class=\"wp-block-columns is-layout-flex wp-container-core-columns-is-layout-9d6595d7 wp-block-columns-is-layout-flex\">\n<div class=\"wp-block-column is-layout-flow wp-block-column-is-layout-flow\">\n<figure class=\"wp-block-image size-large is-style-default\"><img loading=\"lazy\" decoding=\"async\" width=\"1024\" height=\"768\" src=\"http:\/\/rd-crnigraben.si\/wp-content\/uploads\/2020\/05\/spanov1-1-1024x768.jpg\" alt=\"\" class=\"wp-image-408\" srcset=\"https:\/\/rd-crnigraben.si\/wp-content\/uploads\/2020\/05\/spanov1-1-1024x768.jpg 1024w, https:\/\/rd-crnigraben.si\/wp-content\/uploads\/2020\/05\/spanov1-1-300x225.jpg 300w, https:\/\/rd-crnigraben.si\/wp-content\/uploads\/2020\/05\/spanov1-1-768x576.jpg 768w, https:\/\/rd-crnigraben.si\/wp-content\/uploads\/2020\/05\/spanov1-1-1536x1152.jpg 1536w, https:\/\/rd-crnigraben.si\/wp-content\/uploads\/2020\/05\/spanov1-1-2048x1536.jpg 2048w, https:\/\/rd-crnigraben.si\/wp-content\/uploads\/2020\/05\/spanov1-1-1440x1080.jpg 1440w\" sizes=\"auto, (max-width: 1024px) 100vw, 1024px\" \/><\/figure>\n\n\n\n<figure class=\"wp-block-image size-full\"><img loading=\"lazy\" decoding=\"async\" width=\"521\" height=\"347\" src=\"https:\/\/rd-crnigraben.si\/wp-content\/uploads\/2022\/04\/4-ka-edited.png\" alt=\"\" class=\"wp-image-2075\" srcset=\"https:\/\/rd-crnigraben.si\/wp-content\/uploads\/2022\/04\/4-ka-edited.png 521w, https:\/\/rd-crnigraben.si\/wp-content\/uploads\/2022\/04\/4-ka-edited-300x200.png 300w\" sizes=\"auto, (max-width: 521px) 100vw, 521px\" \/><figcaption class=\"wp-element-caption\"><strong>Ribolovno obmo\u010dje<\/strong>:<br>Ribolov je dovoljen samo na neozna\u010denem delu revirja. Z rde\u010do barvo so ozna\u010dene mirne cone. Ribolov v mirni coni ni dovoljen!<\/figcaption><\/figure>\n<\/div>\n\n\n\n<div class=\"wp-block-column is-layout-flow wp-block-column-is-layout-flow\">\n<p class=\"has-text-align-left\"><strong>Ribolovni re\u017eim:<\/strong> Ujemi in odnesi<\/p>\n\n\n\n<p class=\"has-text-align-left\"><strong>Vrste ribolova:&nbsp;<\/strong>talni ribolov, beli\u010darjenje, vija\u010denje, muharjenje<\/p>\n\n\n\n<p class=\"has-text-align-left\"><strong>Vrste rib:&nbsp;<\/strong>Krap, Klen, Linj, Ostri\u017e, \u0160\u010duka<\/p>\n\n\n\n<hr class=\"wp-block-separator has-css-opacity\"\/>\n\n\n\n<h4 class=\"wp-block-heading has-text-align-left\">OBVEZNA OPREMA<\/h4>\n\n\n\n<ul class=\"wp-block-list\">\n<li>1 ribolovni pribor<\/li>\n\n\n\n<li>podmetalka<\/li>\n\n\n\n<li>antiseptik<\/li>\n\n\n\n<li>za\u017eeljena blazina ali banja za odpenjanje rib<\/li>\n\n\n\n<li>obvezna je uporaba brezzalustnega trnka<\/li>\n<\/ul>\n<\/div>\n<\/div>\n\n\n\n<hr class=\"wp-block-separator has-css-opacity\"\/>\n\n\n\n<h2 class=\"wp-block-heading\"><strong>Prevoje 3 &#8211; Nackov ribnik<\/strong><\/h2>\n\n\n\n<div class=\"wp-block-columns is-layout-flex wp-container-core-columns-is-layout-9d6595d7 wp-block-columns-is-layout-flex\">\n<div class=\"wp-block-column is-layout-flow wp-block-column-is-layout-flow\">\n<figure class=\"wp-block-image size-large\"><img loading=\"lazy\" decoding=\"async\" width=\"1024\" height=\"768\" src=\"http:\/\/rd-crnigraben.si\/wp-content\/uploads\/2020\/05\/prevoje3_1-1-1024x768.jpg\" alt=\"\" class=\"wp-image-417\" srcset=\"https:\/\/rd-crnigraben.si\/wp-content\/uploads\/2020\/05\/prevoje3_1-1-1024x768.jpg 1024w, https:\/\/rd-crnigraben.si\/wp-content\/uploads\/2020\/05\/prevoje3_1-1-300x225.jpg 300w, https:\/\/rd-crnigraben.si\/wp-content\/uploads\/2020\/05\/prevoje3_1-1-768x576.jpg 768w, https:\/\/rd-crnigraben.si\/wp-content\/uploads\/2020\/05\/prevoje3_1-1-1536x1152.jpg 1536w, https:\/\/rd-crnigraben.si\/wp-content\/uploads\/2020\/05\/prevoje3_1-1-2048x1536.jpg 2048w, https:\/\/rd-crnigraben.si\/wp-content\/uploads\/2020\/05\/prevoje3_1-1-1440x1080.jpg 1440w\" sizes=\"auto, (max-width: 1024px) 100vw, 1024px\" \/><\/figure>\n\n\n\n<figure class=\"wp-block-image size-full\"><img loading=\"lazy\" decoding=\"async\" width=\"523\" height=\"350\" src=\"http:\/\/rd-crnigraben.si\/wp-content\/uploads\/2022\/04\/3-ka-edited.png\" alt=\"\" class=\"wp-image-2058\" srcset=\"https:\/\/rd-crnigraben.si\/wp-content\/uploads\/2022\/04\/3-ka-edited.png 523w, https:\/\/rd-crnigraben.si\/wp-content\/uploads\/2022\/04\/3-ka-edited-300x201.png 300w\" sizes=\"auto, (max-width: 523px) 100vw, 523px\" \/><figcaption class=\"wp-element-caption\"><strong>Ribolovno obmo\u010dje<\/strong>:<br>Ribolov je dovoljen samo na neozna\u010denem delu revirja. Z rde\u010do barvo so ozna\u010dene mirne cone. Ribolov v mirni coni ni dovoljen!<\/figcaption><\/figure>\n<\/div>\n\n\n\n<div class=\"wp-block-column is-layout-flow wp-block-column-is-layout-flow\">\n<div class=\"wp-block-group\"><div class=\"wp-block-group__inner-container is-layout-flow wp-block-group-is-layout-flow\">\n<p class=\"has-text-align-left\"><strong>Ribolovni re\u017eim:<\/strong> Ujemi in spusti<\/p>\n\n\n\n<p class=\"has-text-align-left\"><strong>Vrste ribolova:&nbsp;<\/strong>talni ribolov, beli\u010darjenje, vija\u010denje, muharjenje<\/p>\n\n\n\n<p class=\"has-text-align-left\"><strong>Vrste rib:&nbsp;<\/strong>Krap, Klen, Linj, Ostri\u017e, \u0160\u010duka<\/p>\n\n\n\n<hr class=\"wp-block-separator has-css-opacity\"\/>\n\n\n\n<h4 class=\"wp-block-heading has-text-align-left\">OBVEZNA OPREMA<\/h4>\n\n\n\n<ul class=\"wp-block-list\">\n<li>2 ribolovna pribora<\/li>\n\n\n\n<li>podmetalka (100cm)<\/li>\n\n\n\n<li>antiseptik<\/li>\n\n\n\n<li>obvezna blazina ali banja za odpenjanje rib<\/li>\n\n\n\n<li>obvezna je uporaba brezzalustnega trnka<\/li>\n<\/ul>\n<\/div><\/div>\n<\/div>\n<\/div>\n\n\n\n<hr class=\"wp-block-separator has-css-opacity\"\/>\n\n\n\n<h2 class=\"wp-block-heading\"><strong>Prevoje 2 &#8211; Banko\u017eev ribnik<\/strong><\/h2>\n\n\n\n<div class=\"wp-block-columns is-layout-flex wp-container-core-columns-is-layout-9d6595d7 wp-block-columns-is-layout-flex\">\n<div class=\"wp-block-column is-layout-flow wp-block-column-is-layout-flow\">\n<figure class=\"wp-block-image size-large\"><img loading=\"lazy\" decoding=\"async\" width=\"1024\" height=\"768\" src=\"http:\/\/rd-crnigraben.si\/wp-content\/uploads\/2020\/05\/prevoje2_1-2-1024x768.jpg\" alt=\"\" class=\"wp-image-425\" srcset=\"https:\/\/rd-crnigraben.si\/wp-content\/uploads\/2020\/05\/prevoje2_1-2-1024x768.jpg 1024w, https:\/\/rd-crnigraben.si\/wp-content\/uploads\/2020\/05\/prevoje2_1-2-300x225.jpg 300w, https:\/\/rd-crnigraben.si\/wp-content\/uploads\/2020\/05\/prevoje2_1-2-768x576.jpg 768w, https:\/\/rd-crnigraben.si\/wp-content\/uploads\/2020\/05\/prevoje2_1-2-1536x1152.jpg 1536w, https:\/\/rd-crnigraben.si\/wp-content\/uploads\/2020\/05\/prevoje2_1-2-2048x1536.jpg 2048w, https:\/\/rd-crnigraben.si\/wp-content\/uploads\/2020\/05\/prevoje2_1-2-1440x1080.jpg 1440w\" sizes=\"auto, (max-width: 1024px) 100vw, 1024px\" \/><\/figure>\n\n\n\n<figure class=\"wp-block-image size-full\"><img loading=\"lazy\" decoding=\"async\" width=\"521\" height=\"349\" src=\"http:\/\/rd-crnigraben.si\/wp-content\/uploads\/2022\/04\/2-ka-edited.png\" alt=\"\" class=\"wp-image-2061\" srcset=\"https:\/\/rd-crnigraben.si\/wp-content\/uploads\/2022\/04\/2-ka-edited.png 521w, https:\/\/rd-crnigraben.si\/wp-content\/uploads\/2022\/04\/2-ka-edited-300x201.png 300w\" sizes=\"auto, (max-width: 521px) 100vw, 521px\" \/><figcaption class=\"wp-element-caption\"><strong>Ribolovno obmo\u010dje<\/strong>:<br>Ribolov je dovoljen samo na neozna\u010denem delu revirja. Z rde\u010do barvo so ozna\u010dene mirne cone. Ribolov v mirni coni ni dovoljen!<\/figcaption><\/figure>\n<\/div>\n\n\n\n<div class=\"wp-block-column is-layout-flow wp-block-column-is-layout-flow\">\n<div style=\"height:239px\" aria-hidden=\"true\" class=\"wp-block-spacer\"><\/div>\n\n\n\n<p class=\"has-text-align-center\">!! <strong>RIBOLOV NI DOVOLJEN<\/strong> !!<\/p>\n<\/div>\n<\/div>\n\n\n\n<hr class=\"wp-block-separator has-css-opacity\"\/>\n\n\n\n<h2 class=\"wp-block-heading\"><strong>Zabor\u0161t &#8211; Ton\u010dev ribnik<\/strong><\/h2>\n\n\n\n<div class=\"wp-block-columns is-layout-flex wp-container-core-columns-is-layout-9d6595d7 wp-block-columns-is-layout-flex\">\n<div class=\"wp-block-column is-layout-flow wp-block-column-is-layout-flow\">\n<figure class=\"wp-block-image size-large\"><img loading=\"lazy\" decoding=\"async\" width=\"1024\" height=\"768\" src=\"http:\/\/rd-crnigraben.si\/wp-content\/uploads\/2020\/05\/prevoje1_1-1-1024x768.jpg\" alt=\"\" class=\"wp-image-431\" srcset=\"https:\/\/rd-crnigraben.si\/wp-content\/uploads\/2020\/05\/prevoje1_1-1-1024x768.jpg 1024w, https:\/\/rd-crnigraben.si\/wp-content\/uploads\/2020\/05\/prevoje1_1-1-300x225.jpg 300w, https:\/\/rd-crnigraben.si\/wp-content\/uploads\/2020\/05\/prevoje1_1-1-768x576.jpg 768w, https:\/\/rd-crnigraben.si\/wp-content\/uploads\/2020\/05\/prevoje1_1-1-1536x1152.jpg 1536w, https:\/\/rd-crnigraben.si\/wp-content\/uploads\/2020\/05\/prevoje1_1-1-2048x1536.jpg 2048w, https:\/\/rd-crnigraben.si\/wp-content\/uploads\/2020\/05\/prevoje1_1-1-1440x1080.jpg 1440w\" sizes=\"auto, (max-width: 1024px) 100vw, 1024px\" \/><\/figure>\n\n\n\n<figure class=\"wp-block-image size-full\"><img loading=\"lazy\" decoding=\"async\" width=\"524\" height=\"351\" src=\"http:\/\/rd-crnigraben.si\/wp-content\/uploads\/2022\/04\/1-ka-edited.png\" alt=\"\" class=\"wp-image-2068\" srcset=\"https:\/\/rd-crnigraben.si\/wp-content\/uploads\/2022\/04\/1-ka-edited.png 524w, https:\/\/rd-crnigraben.si\/wp-content\/uploads\/2022\/04\/1-ka-edited-300x201.png 300w\" sizes=\"auto, (max-width: 524px) 100vw, 524px\" \/><figcaption class=\"wp-element-caption\"><strong>Ribolovno obmo\u010dje<\/strong>:<br>Ribolov je dovoljen samo na neozna\u010denem delu revirja. Z rde\u010do barvo so ozna\u010dene mirne cone. Ribolov v mirni coni ni dovoljen!<\/figcaption><\/figure>\n<\/div>\n\n\n\n<div class=\"wp-block-column is-layout-flow wp-block-column-is-layout-flow\">\n<div class=\"wp-block-group\"><div class=\"wp-block-group__inner-container is-layout-flow wp-block-group-is-layout-flow\">\n<p class=\"has-text-align-left\"><strong>Ribolovni re\u017eim:<\/strong> Ujemi in odnesi<\/p>\n\n\n\n<p class=\"has-text-align-left\"><strong>Vrste ribolova:&nbsp;<\/strong>talni ribolov, beli\u010darjenje, vija\u010denje, muharjenje<\/p>\n\n\n\n<p class=\"has-text-align-left\"><strong>Vrste rib:&nbsp;<\/strong>Krap<\/p>\n\n\n\n<hr class=\"wp-block-separator has-css-opacity\"\/>\n\n\n\n<h4 class=\"wp-block-heading has-text-align-left\">OBVEZNA OPREMA<\/h4>\n\n\n\n<ul class=\"wp-block-list\">\n<li>1 ribolovni pribor<\/li>\n\n\n\n<li>podmetalka<\/li>\n\n\n\n<li>antiseptik<\/li>\n\n\n\n<li>blazina (priporo\u010dljiva)<\/li>\n\n\n\n<li>obvezna je uporaba brezzalustnega trnka<\/li>\n<\/ul>\n<\/div><\/div>\n<\/div>\n<\/div>\n\n\n\n<hr class=\"wp-block-separator has-css-opacity\"\/>\n\n\n\n<h2 class=\"wp-block-heading\"><strong>Trnjava &#8211; Kroharjev ribnik<\/strong><\/h2>\n\n\n\n<div class=\"wp-block-columns is-layout-flex wp-container-core-columns-is-layout-9d6595d7 wp-block-columns-is-layout-flex\">\n<div class=\"wp-block-column is-layout-flow wp-block-column-is-layout-flow\">\n<figure class=\"wp-block-image size-large\"><img loading=\"lazy\" decoding=\"async\" width=\"1024\" height=\"685\" src=\"http:\/\/rd-crnigraben.si\/wp-content\/uploads\/2020\/05\/Kroharjev-bajer-2-1.jpeg\" alt=\"\" class=\"wp-image-439\" srcset=\"https:\/\/rd-crnigraben.si\/wp-content\/uploads\/2020\/05\/Kroharjev-bajer-2-1.jpeg 1024w, https:\/\/rd-crnigraben.si\/wp-content\/uploads\/2020\/05\/Kroharjev-bajer-2-1-300x201.jpeg 300w, https:\/\/rd-crnigraben.si\/wp-content\/uploads\/2020\/05\/Kroharjev-bajer-2-1-768x514.jpeg 768w\" sizes=\"auto, (max-width: 1024px) 100vw, 1024px\" \/><\/figure>\n<\/div>\n\n\n\n<div class=\"wp-block-column is-layout-flow wp-block-column-is-layout-flow\">\n<div class=\"wp-block-group\"><div class=\"wp-block-group__inner-container is-layout-flow wp-block-group-is-layout-flow\">\n<p class=\"has-text-align-left\"><strong>Ribolovni re\u017eim:<\/strong> Ujemi in odnesi<\/p>\n\n\n\n<p class=\"has-text-align-left\"><strong>Vrste ribolova:&nbsp;<\/strong>talni ribolov, beli\u010darjenje, vija\u010denje, muharjenje<\/p>\n\n\n\n<p class=\"has-text-align-left\"><strong>Vrste rib:&nbsp;<\/strong>Krap, Klen, Linj, Ostri\u017e, \u0160\u010duka, Smu\u010d, Koreselj<\/p>\n\n\n\n<hr class=\"wp-block-separator has-css-opacity\"\/>\n\n\n\n<h4 class=\"wp-block-heading has-text-align-left\">OBVEZNA OPREMA<\/h4>\n\n\n\n<ul class=\"wp-block-list\">\n<li>1 ribolovni pribor<\/li>\n\n\n\n<li>podmetalka<\/li>\n\n\n\n<li>antiseptik<\/li>\n\n\n\n<li>blazina (priporo\u010dena)<\/li>\n\n\n\n<li>obvezna je uporaba brezzalustnega trnka<\/li>\n<\/ul>\n<\/div><\/div>\n<\/div>\n<\/div>\n\n\n\n<p><\/p>\n\n\n\n<p><\/p>\n\n\n\n<p><strong>VARSTVENE DOBE RIB<\/strong><\/p>\n\n\n\n<figure class=\"wp-block-table\"><table><tbody><tr><td class=\"has-text-align-center\" data-align=\"center\"><strong>VRSTA RIBE<\/strong><\/td><td class=\"has-text-align-center\" data-align=\"center\"><strong>MERA V cm<\/strong><\/td><td class=\"has-text-align-center\" data-align=\"center\"><strong>VARSTVENA DOBA<\/strong><\/td><\/tr><tr><td class=\"has-text-align-center\" data-align=\"center\">KRAP<\/td><td class=\"has-text-align-center\" data-align=\"center\">\/<\/td><td class=\"has-text-align-center\" data-align=\"center\">\/<\/td><\/tr><tr><td class=\"has-text-align-center\" data-align=\"center\">LINJ<\/td><td class=\"has-text-align-center\" data-align=\"center\">30<\/td><td class=\"has-text-align-center\" data-align=\"center\">01.05. &#8211; 30.06<\/td><\/tr><tr><td class=\"has-text-align-center\" data-align=\"center\">\u0160\u010cUKA<\/td><td class=\"has-text-align-center\" data-align=\"center\">60<\/td><td class=\"has-text-align-center\" data-align=\"center\">01.02. &#8211; 30.04<\/td><\/tr><tr><td class=\"has-text-align-center\" data-align=\"center\">SOM<\/td><td class=\"has-text-align-center\" data-align=\"center\">60<\/td><td class=\"has-text-align-center\" data-align=\"center\">01.05. -30.06<\/td><\/tr><tr><td class=\"has-text-align-center\" data-align=\"center\">KLEN<\/td><td class=\"has-text-align-center\" data-align=\"center\">30<\/td><td class=\"has-text-align-center\" data-align=\"center\">01.05. -30.06<\/td><\/tr><tr><td class=\"has-text-align-center\" data-align=\"center\">POHRA<\/td><td class=\"has-text-align-center\" data-align=\"center\">20<\/td><td class=\"has-text-align-center\" data-align=\"center\">01.05. -30.06<\/td><\/tr><tr><td class=\"has-text-align-center\" data-align=\"center\">KORESELJ<\/td><td class=\"has-text-align-center\" data-align=\"center\">\/<\/td><td class=\"has-text-align-center\" data-align=\"center\">01.05. -30.06<\/td><\/tr><\/tbody><\/table><\/figure>\n","protected":false},"excerpt":{"rendered":"<p>Prevoje 4 &#8211; \u0160panov ribnik Ribolovni re\u017eim: Ujemi in odnesi Vrste ribolova:&nbsp;talni ribolov, beli\u010darjenje, vija\u010denje, muharjenje Vrste rib:&nbsp;Krap, Klen, Linj, Ostri\u017e, \u0160\u010duka OBVEZNA OPREMA Prevoje 3 &#8211; Nackov ribnik Prevoje 2 &#8211; Banko\u017eev ribnik !! RIBOLOV NI DOVOLJEN !! Zabor\u0161t &#8211; Ton\u010dev ribnik Trnjava &#8211; Kroharjev ribnik VARSTVENE DOBE RIB VRSTA RIBE MERA V cm&hellip; <br \/> <a class=\"read-more\" href=\"https:\/\/rd-crnigraben.si\/index.php\/revirji\/\">Read more<\/a><\/p>\n","protected":false},"author":1,"featured_media":0,"parent":0,"menu_order":0,"comment_status":"closed","ping_status":"closed","template":"","meta":{"footnotes":""},"class_list":["post-125","page","type-page","status-publish","hentry"],"aioseo_notices":[],"_links":{"self":[{"href":"https:\/\/rd-crnigraben.si\/index.php\/wp-json\/wp\/v2\/pages\/125","targetHints":{"allow":["GET"]}}],"collection":[{"href":"https:\/\/rd-crnigraben.si\/index.php\/wp-json\/wp\/v2\/pages"}],"about":[{"href":"https:\/\/rd-crnigraben.si\/index.php\/wp-json\/wp\/v2\/types\/page"}],"author":[{"embeddable":true,"href":"https:\/\/rd-crnigraben.si\/index.php\/wp-json\/wp\/v2\/users\/1"}],"replies":[{"embeddable":true,"href":"https:\/\/rd-crnigraben.si\/index.php\/wp-json\/wp\/v2\/comments?post=125"}],"version-history":[{"count":59,"href":"https:\/\/rd-crnigraben.si\/index.php\/wp-json\/wp\/v2\/pages\/125\/revisions"}],"predecessor-version":[{"id":2714,"href":"https:\/\/rd-crnigraben.si\/index.php\/wp-json\/wp\/v2\/pages\/125\/revisions\/2714"}],"wp:attachment":[{"href":"https:\/\/rd-crnigraben.si\/index.php\/wp-json\/wp\/v2\/media?parent=125"}],"curies":[{"name":"wp","href":"https:\/\/api.w.org\/{rel}","templated":true}]}}