{"id":2204,"date":"2022-05-31T07:35:44","date_gmt":"2022-05-31T07:35:44","guid":{"rendered":"https:\/\/rd-crnigraben.si\/?page_id=2204"},"modified":"2022-05-31T07:39:02","modified_gmt":"2022-05-31T07:39:02","slug":"obvestilo","status":"publish","type":"page","link":"https:\/\/rd-crnigraben.si\/index.php\/obvestilo\/","title":{"rendered":"Obvestilo 14.5.2022"},"content":{"rendered":"\n<div class=\"wp-block-columns is-layout-flex wp-container-core-columns-is-layout-9d6595d7 wp-block-columns-is-layout-flex\">\n<div class=\"wp-block-column is-layout-flow wp-block-column-is-layout-flow\" style=\"flex-basis:33.33%\">\n<figure class=\"wp-block-image size-large\"><img loading=\"lazy\" decoding=\"async\" width=\"1024\" height=\"1024\" src=\"http:\/\/rd-crnigraben.si\/wp-content\/uploads\/2021\/04\/106955700-black-fishing-rod-on-white-background-abstract-icon-vector-illustration-tools-for-angling--1024x1024.jpg\" alt=\"\" class=\"wp-image-1000\" srcset=\"https:\/\/rd-crnigraben.si\/wp-content\/uploads\/2021\/04\/106955700-black-fishing-rod-on-white-background-abstract-icon-vector-illustration-tools-for-angling--1024x1024.jpg 1024w, https:\/\/rd-crnigraben.si\/wp-content\/uploads\/2021\/04\/106955700-black-fishing-rod-on-white-background-abstract-icon-vector-illustration-tools-for-angling--300x300.jpg 300w, https:\/\/rd-crnigraben.si\/wp-content\/uploads\/2021\/04\/106955700-black-fishing-rod-on-white-background-abstract-icon-vector-illustration-tools-for-angling--150x150.jpg 150w, https:\/\/rd-crnigraben.si\/wp-content\/uploads\/2021\/04\/106955700-black-fishing-rod-on-white-background-abstract-icon-vector-illustration-tools-for-angling--768x768.jpg 768w, https:\/\/rd-crnigraben.si\/wp-content\/uploads\/2021\/04\/106955700-black-fishing-rod-on-white-background-abstract-icon-vector-illustration-tools-for-angling--1080x1080.jpg 1080w, https:\/\/rd-crnigraben.si\/wp-content\/uploads\/2021\/04\/106955700-black-fishing-rod-on-white-background-abstract-icon-vector-illustration-tools-for-angling-.jpg 1300w\" sizes=\"auto, (max-width: 1024px) 100vw, 1024px\" \/><\/figure>\n<\/div>\n\n\n\n<div class=\"wp-block-column is-layout-flow wp-block-column-is-layout-flow\" style=\"flex-basis:66.66%\">\n<h2 class=\"has-text-align-center wp-block-heading\"><strong>Spo\u0161tovani \u010dlani in \u010dlanice!<\/strong><\/h2>\n\n\n\n<div style=\"height:15px\" aria-hidden=\"true\" class=\"wp-block-spacer\"><\/div>\n\n\n\n<p class=\"has-text-align-center has-medium-font-size\">Vabljeni na dru\u017eabno sre\u010dnje z ribolovom.<\/p>\n\n\n\n<p class=\"has-text-align-center has-medium-font-size\"><\/p>\n\n\n\n<div style=\"height:16px\" aria-hidden=\"true\" class=\"wp-block-spacer\"><\/div>\n\n\n\n<p><strong>Kdaj:<\/strong> sobota 14.5.2022<\/p>\n\n\n\n<p><strong>Kje:<\/strong> \u0160panov ribnik (4-ka)<\/p>\n\n\n\n<p><strong>Zbor: <\/strong>6.30<\/p>\n\n\n\n<p><strong>Tekmovanje:<\/strong> od 8.00 do 12.00<\/p>\n\n\n\n<div style=\"height:15px\" aria-hidden=\"true\" class=\"wp-block-spacer\"><\/div>\n\n\n\n<div style=\"height:30px\" aria-hidden=\"true\" class=\"wp-block-spacer\"><\/div>\n\n\n\n<p><strong>DOBER PRIJEM!<\/strong><\/p>\n<\/div>\n<\/div>\n","protected":false},"excerpt":{"rendered":"<p>Spo\u0161tovani \u010dlani in \u010dlanice! Vabljeni na dru\u017eabno sre\u010dnje z ribolovom. Kdaj: sobota 14.5.2022 Kje: \u0160panov ribnik (4-ka) Zbor: 6.30 Tekmovanje: od 8.00 do 12.00 DOBER PRIJEM!<\/p>\n","protected":false},"author":1,"featured_media":0,"parent":0,"menu_order":0,"comment_status":"closed","ping_status":"closed","template":"","meta":{"footnotes":""},"class_list":["post-2204","page","type-page","status-publish","hentry"],"aioseo_notices":[],"_links":{"self":[{"href":"https:\/\/rd-crnigraben.si\/index.php\/wp-json\/wp\/v2\/pages\/2204","targetHints":{"allow":["GET"]}}],"collection":[{"href":"https:\/\/rd-crnigraben.si\/index.php\/wp-json\/wp\/v2\/pages"}],"about":[{"href":"https:\/\/rd-crnigraben.si\/index.php\/wp-json\/wp\/v2\/types\/page"}],"author":[{"embeddable":true,"href":"https:\/\/rd-crnigraben.si\/index.php\/wp-json\/wp\/v2\/users\/1"}],"replies":[{"embeddable":true,"href":"https:\/\/rd-crnigraben.si\/index.php\/wp-json\/wp\/v2\/comments?post=2204"}],"version-history":[{"count":4,"href":"https:\/\/rd-crnigraben.si\/index.php\/wp-json\/wp\/v2\/pages\/2204\/revisions"}],"predecessor-version":[{"id":2210,"href":"https:\/\/rd-crnigraben.si\/index.php\/wp-json\/wp\/v2\/pages\/2204\/revisions\/2210"}],"wp:attachment":[{"href":"https:\/\/rd-crnigraben.si\/index.php\/wp-json\/wp\/v2\/media?parent=2204"}],"curies":[{"name":"wp","href":"https:\/\/api.w.org\/{rel}","templated":true}]}}