{"id":2227,"date":"2022-06-13T11:27:02","date_gmt":"2022-06-13T11:27:02","guid":{"rendered":"https:\/\/rd-crnigraben.si\/?page_id=2227"},"modified":"2022-06-13T11:27:03","modified_gmt":"2022-06-13T11:27:03","slug":"delovna-akcija-2-6-2022","status":"publish","type":"page","link":"https:\/\/rd-crnigraben.si\/index.php\/delovna-akcija-2-6-2022\/","title":{"rendered":"Delovna akcija 2.6.2022"},"content":{"rendered":"\n<div class=\"wp-block-columns is-layout-flex wp-container-core-columns-is-layout-9d6595d7 wp-block-columns-is-layout-flex\">\n<div class=\"wp-block-column is-layout-flow wp-block-column-is-layout-flow\" style=\"flex-basis:33.33%\">\n<figure class=\"wp-block-image size-large\"><img loading=\"lazy\" decoding=\"async\" width=\"1000\" height=\"995\" src=\"http:\/\/rd-crnigraben.si\/wp-content\/uploads\/2021\/04\/home-shovel-icon-simple-style-vector-21614400.jpg\" alt=\"\" class=\"wp-image-927\" srcset=\"https:\/\/rd-crnigraben.si\/wp-content\/uploads\/2021\/04\/home-shovel-icon-simple-style-vector-21614400.jpg 1000w, https:\/\/rd-crnigraben.si\/wp-content\/uploads\/2021\/04\/home-shovel-icon-simple-style-vector-21614400-300x300.jpg 300w, https:\/\/rd-crnigraben.si\/wp-content\/uploads\/2021\/04\/home-shovel-icon-simple-style-vector-21614400-150x150.jpg 150w, https:\/\/rd-crnigraben.si\/wp-content\/uploads\/2021\/04\/home-shovel-icon-simple-style-vector-21614400-768x764.jpg 768w\" sizes=\"auto, (max-width: 1000px) 100vw, 1000px\" \/><\/figure>\n<\/div>\n\n\n\n<div class=\"wp-block-column is-layout-flow wp-block-column-is-layout-flow\" style=\"flex-basis:66.66%\">\n<h3 class=\"wp-block-heading\"><strong>Spo\u0161tovani \u010dlani in \u010dlanice!<\/strong><\/h3>\n\n\n\n<div style=\"height:15px\" aria-hidden=\"true\" class=\"wp-block-spacer\"><\/div>\n\n\n\n<p class=\"has-text-align-center has-medium-font-size\">Lepo vabljeni na delovno akcijo.<\/p>\n\n\n\n<div style=\"height:16px\" aria-hidden=\"true\" class=\"wp-block-spacer\"><\/div>\n\n\n\n<p><strong>Kdaj:<\/strong> \u010detrtek 2.6.2022 ob 18.00<\/p>\n\n\n\n<p><strong>Kje:<\/strong> \u0160panov ribnik (4. ribnik)<\/p>\n\n\n\n<p><strong>Za\u017eeljena oprema: <\/strong>grablje, lopata in kosilnica<\/p>\n\n\n\n<div style=\"height:15px\" aria-hidden=\"true\" class=\"wp-block-spacer\"><\/div>\n\n\n\n<p class=\"has-text-align-center\">Prosim, \u010de se med seboj obvestite!<\/p>\n\n\n\n<div style=\"height:15px\" aria-hidden=\"true\" class=\"wp-block-spacer\"><\/div>\n\n\n\n<p class=\"has-text-align-center\">Vodja delovne akcije je Sandi Ceglar, tel.: 041 606 410, kjer dobite vse informacije.<\/p>\n\n\n\n<p class=\"has-text-align-center\">Hvala.<\/p>\n\n\n\n<div style=\"height:30px\" aria-hidden=\"true\" class=\"wp-block-spacer\"><\/div>\n\n\n\n<p><strong>DOBER PRIJEM!<\/strong><\/p>\n<\/div>\n<\/div>\n","protected":false},"excerpt":{"rendered":"<p>Spo\u0161tovani \u010dlani in \u010dlanice! Lepo vabljeni na delovno akcijo. Kdaj: \u010detrtek 2.6.2022 ob 18.00 Kje: \u0160panov ribnik (4. ribnik) Za\u017eeljena oprema: grablje, lopata in kosilnica Prosim, \u010de se med seboj obvestite! Vodja delovne akcije je Sandi Ceglar, tel.: 041 606 410, kjer dobite vse informacije. Hvala. DOBER PRIJEM!<\/p>\n","protected":false},"author":1,"featured_media":0,"parent":0,"menu_order":0,"comment_status":"closed","ping_status":"closed","template":"","meta":{"footnotes":""},"class_list":["post-2227","page","type-page","status-publish","hentry"],"aioseo_notices":[],"_links":{"self":[{"href":"https:\/\/rd-crnigraben.si\/index.php\/wp-json\/wp\/v2\/pages\/2227","targetHints":{"allow":["GET"]}}],"collection":[{"href":"https:\/\/rd-crnigraben.si\/index.php\/wp-json\/wp\/v2\/pages"}],"about":[{"href":"https:\/\/rd-crnigraben.si\/index.php\/wp-json\/wp\/v2\/types\/page"}],"author":[{"embeddable":true,"href":"https:\/\/rd-crnigraben.si\/index.php\/wp-json\/wp\/v2\/users\/1"}],"replies":[{"embeddable":true,"href":"https:\/\/rd-crnigraben.si\/index.php\/wp-json\/wp\/v2\/comments?post=2227"}],"version-history":[{"count":1,"href":"https:\/\/rd-crnigraben.si\/index.php\/wp-json\/wp\/v2\/pages\/2227\/revisions"}],"predecessor-version":[{"id":2228,"href":"https:\/\/rd-crnigraben.si\/index.php\/wp-json\/wp\/v2\/pages\/2227\/revisions\/2228"}],"wp:attachment":[{"href":"https:\/\/rd-crnigraben.si\/index.php\/wp-json\/wp\/v2\/media?parent=2227"}],"curies":[{"name":"wp","href":"https:\/\/api.w.org\/{rel}","templated":true}]}}