{"id":2292,"date":"2022-10-14T13:00:34","date_gmt":"2022-10-14T13:00:34","guid":{"rendered":"https:\/\/rd-crnigraben.si\/?page_id=2292"},"modified":"2022-10-14T13:00:35","modified_gmt":"2022-10-14T13:00:35","slug":"obvestilo-24-9-2022","status":"publish","type":"page","link":"https:\/\/rd-crnigraben.si\/index.php\/obvestilo-24-9-2022\/","title":{"rendered":"Obvestilo 24.9.2022"},"content":{"rendered":"\n<div class=\"wp-block-columns is-layout-flex wp-container-core-columns-is-layout-9d6595d7 wp-block-columns-is-layout-flex\">\n<div class=\"wp-block-column is-layout-flow wp-block-column-is-layout-flow\" style=\"flex-basis:33.33%\">\n<figure class=\"wp-block-image size-large\"><img loading=\"lazy\" decoding=\"async\" width=\"1024\" height=\"1024\" src=\"http:\/\/rd-crnigraben.si\/wp-content\/uploads\/2021\/04\/106955700-black-fishing-rod-on-white-background-abstract-icon-vector-illustration-tools-for-angling--1024x1024.jpg\" alt=\"\" class=\"wp-image-1000\" srcset=\"https:\/\/rd-crnigraben.si\/wp-content\/uploads\/2021\/04\/106955700-black-fishing-rod-on-white-background-abstract-icon-vector-illustration-tools-for-angling--1024x1024.jpg 1024w, https:\/\/rd-crnigraben.si\/wp-content\/uploads\/2021\/04\/106955700-black-fishing-rod-on-white-background-abstract-icon-vector-illustration-tools-for-angling--300x300.jpg 300w, https:\/\/rd-crnigraben.si\/wp-content\/uploads\/2021\/04\/106955700-black-fishing-rod-on-white-background-abstract-icon-vector-illustration-tools-for-angling--150x150.jpg 150w, https:\/\/rd-crnigraben.si\/wp-content\/uploads\/2021\/04\/106955700-black-fishing-rod-on-white-background-abstract-icon-vector-illustration-tools-for-angling--768x768.jpg 768w, https:\/\/rd-crnigraben.si\/wp-content\/uploads\/2021\/04\/106955700-black-fishing-rod-on-white-background-abstract-icon-vector-illustration-tools-for-angling--1080x1080.jpg 1080w, https:\/\/rd-crnigraben.si\/wp-content\/uploads\/2021\/04\/106955700-black-fishing-rod-on-white-background-abstract-icon-vector-illustration-tools-for-angling-.jpg 1300w\" sizes=\"auto, (max-width: 1024px) 100vw, 1024px\" \/><\/figure>\n<\/div>\n\n\n\n<div class=\"wp-block-column is-layout-flow wp-block-column-is-layout-flow\" style=\"flex-basis:66.66%\">\n<p class=\"has-text-align-center has-medium-font-size\">Vabljeni na celodnevno dru\u017eabno sre\u010dnje z ribolovom.<\/p>\n\n\n\n<div style=\"height:16px\" aria-hidden=\"true\" class=\"wp-block-spacer\"><\/div>\n\n\n\n<p><strong>Kdaj:<\/strong> sobota 24.9.2022<\/p>\n\n\n\n<p><strong>Kje:<\/strong> \u0160panov ribnik (4-ka)<\/p>\n\n\n\n<p><strong>Zbor: <\/strong>6.30<\/p>\n\n\n\n<p><strong>Tekmovanje:<\/strong> dopoldansko in popoldansko<\/p>\n\n\n\n<div style=\"height:16px\" aria-hidden=\"true\" class=\"wp-block-spacer\"><\/div>\n\n\n\n<p><strong><u>\u010casovnica &#8211; DOPOLDANSKA TEKMA:<\/u><\/strong><\/p>\n\n\n\n<p>*&nbsp;Zbor:&nbsp;6.30&nbsp;<\/p>\n\n\n\n<p>*&nbsp;Prijava:&nbsp;&nbsp;6.30 &#8211; 7.00<\/p>\n\n\n\n<p>* \u017dreb:&nbsp;7.00<\/p>\n\n\n\n<p>* Za\u010detek tekme:&nbsp;8.00<\/p>\n\n\n\n<p>* Konec tekme:&nbsp;12.00<\/p>\n\n\n\n<p>* Tehtanje:&nbsp;12.10<\/p>\n\n\n\n<p>* Kosilo<\/p>\n\n\n\n<p><strong><u>\u010casovnica &#8211; POPOLDANSKA TEKMA:<\/u><\/strong><\/p>\n\n\n\n<p>* \u017drebanje: 13.00<strong><u><\/u><\/strong><\/p>\n\n\n\n<p>* Za\u010detek tekme: 13.30<\/p>\n\n\n\n<p>* Konec tekme: 17.30<\/p>\n\n\n\n<p>* Tehtanje: 17.30<\/p>\n\n\n\n<p>* Malica in razglasitev obeh tekem<\/p>\n\n\n\n<div style=\"height:15px\" aria-hidden=\"true\" class=\"wp-block-spacer\"><\/div>\n\n\n\n<div style=\"height:30px\" aria-hidden=\"true\" class=\"wp-block-spacer\"><\/div>\n\n\n\n<p><strong>DOBER PRIJEM!<\/strong><\/p>\n<\/div>\n<\/div>\n","protected":false},"excerpt":{"rendered":"<p>Vabljeni na celodnevno dru\u017eabno sre\u010dnje z ribolovom. Kdaj: sobota 24.9.2022 Kje: \u0160panov ribnik (4-ka) Zbor: 6.30 Tekmovanje: dopoldansko in popoldansko \u010casovnica &#8211; DOPOLDANSKA TEKMA: *&nbsp;Zbor:&nbsp;6.30&nbsp; *&nbsp;Prijava:&nbsp;&nbsp;6.30 &#8211; 7.00 * \u017dreb:&nbsp;7.00 * Za\u010detek tekme:&nbsp;8.00 * Konec tekme:&nbsp;12.00 * Tehtanje:&nbsp;12.10 * Kosilo \u010casovnica &#8211; POPOLDANSKA TEKMA: * \u017drebanje: 13.00 * Za\u010detek tekme: 13.30 * Konec tekme: 17.30&hellip; <br \/> <a class=\"read-more\" href=\"https:\/\/rd-crnigraben.si\/index.php\/obvestilo-24-9-2022\/\">Read more<\/a><\/p>\n","protected":false},"author":1,"featured_media":0,"parent":0,"menu_order":0,"comment_status":"closed","ping_status":"closed","template":"","meta":{"footnotes":""},"class_list":["post-2292","page","type-page","status-publish","hentry"],"aioseo_notices":[],"_links":{"self":[{"href":"https:\/\/rd-crnigraben.si\/index.php\/wp-json\/wp\/v2\/pages\/2292","targetHints":{"allow":["GET"]}}],"collection":[{"href":"https:\/\/rd-crnigraben.si\/index.php\/wp-json\/wp\/v2\/pages"}],"about":[{"href":"https:\/\/rd-crnigraben.si\/index.php\/wp-json\/wp\/v2\/types\/page"}],"author":[{"embeddable":true,"href":"https:\/\/rd-crnigraben.si\/index.php\/wp-json\/wp\/v2\/users\/1"}],"replies":[{"embeddable":true,"href":"https:\/\/rd-crnigraben.si\/index.php\/wp-json\/wp\/v2\/comments?post=2292"}],"version-history":[{"count":1,"href":"https:\/\/rd-crnigraben.si\/index.php\/wp-json\/wp\/v2\/pages\/2292\/revisions"}],"predecessor-version":[{"id":2293,"href":"https:\/\/rd-crnigraben.si\/index.php\/wp-json\/wp\/v2\/pages\/2292\/revisions\/2293"}],"wp:attachment":[{"href":"https:\/\/rd-crnigraben.si\/index.php\/wp-json\/wp\/v2\/media?parent=2292"}],"curies":[{"name":"wp","href":"https:\/\/api.w.org\/{rel}","templated":true}]}}