{"id":2307,"date":"2022-10-27T10:19:52","date_gmt":"2022-10-27T10:19:52","guid":{"rendered":"https:\/\/rd-crnigraben.si\/?page_id=2307"},"modified":"2022-10-27T10:19:53","modified_gmt":"2022-10-27T10:19:53","slug":"obvestilo-21-10-2022","status":"publish","type":"page","link":"https:\/\/rd-crnigraben.si\/index.php\/obvestilo-21-10-2022\/","title":{"rendered":"Obvestilo 21.10.2022"},"content":{"rendered":"\n<div class=\"wp-block-columns is-layout-flex wp-container-core-columns-is-layout-9d6595d7 wp-block-columns-is-layout-flex\">\n<div class=\"wp-block-column is-layout-flow wp-block-column-is-layout-flow\" style=\"flex-basis:33.33%\">\n<figure class=\"wp-block-image size-large\"><img loading=\"lazy\" decoding=\"async\" width=\"1000\" height=\"995\" src=\"http:\/\/rd-crnigraben.si\/wp-content\/uploads\/2021\/04\/home-shovel-icon-simple-style-vector-21614400.jpg\" alt=\"\" class=\"wp-image-927\" srcset=\"https:\/\/rd-crnigraben.si\/wp-content\/uploads\/2021\/04\/home-shovel-icon-simple-style-vector-21614400.jpg 1000w, https:\/\/rd-crnigraben.si\/wp-content\/uploads\/2021\/04\/home-shovel-icon-simple-style-vector-21614400-300x300.jpg 300w, https:\/\/rd-crnigraben.si\/wp-content\/uploads\/2021\/04\/home-shovel-icon-simple-style-vector-21614400-150x150.jpg 150w, https:\/\/rd-crnigraben.si\/wp-content\/uploads\/2021\/04\/home-shovel-icon-simple-style-vector-21614400-768x764.jpg 768w\" sizes=\"auto, (max-width: 1000px) 100vw, 1000px\" \/><\/figure>\n<\/div>\n\n\n\n<div class=\"wp-block-column is-layout-flow wp-block-column-is-layout-flow\" style=\"flex-basis:66.66%\">\n<h3 class=\"wp-block-heading\"><strong>Spo\u0161tovani \u010dlani in \u010dlanice!<\/strong><\/h3>\n\n\n\n<div style=\"height:15px\" aria-hidden=\"true\" class=\"wp-block-spacer\"><\/div>\n\n\n\n<p class=\"has-text-align-center has-medium-font-size\">Lepo vabljeni na delovno akcijo.<\/p>\n\n\n\n<div style=\"height:16px\" aria-hidden=\"true\" class=\"wp-block-spacer\"><\/div>\n\n\n\n<p><strong>Kdaj:<\/strong> petek, 21.10.2022 od 9.00 dalje<\/p>\n\n\n\n<p><strong>Kje:<\/strong> Nackov ribnik (3-ka)<\/p>\n\n\n\n<p><strong>Za\u017eeljena oprema: <\/strong>lopata, kramp in grablje<\/p>\n\n\n\n<div style=\"height:15px\" aria-hidden=\"true\" class=\"wp-block-spacer\"><\/div>\n\n\n\n<p class=\"has-text-align-center\">Prosim, \u010de se med seboj obvestite!<\/p>\n\n\n\n<div style=\"height:15px\" aria-hidden=\"true\" class=\"wp-block-spacer\"><\/div>\n\n\n\n<p class=\"has-text-align-center\">Vodja delovne akcije je Sandi Ceglar, tel.: 041 606 410, kjer dobite vse informacije.<\/p>\n\n\n\n<p class=\"has-text-align-center\">Hvala.<\/p>\n\n\n\n<div style=\"height:30px\" aria-hidden=\"true\" class=\"wp-block-spacer\"><\/div>\n\n\n\n<p><strong>DOBER PRIJEM!<\/strong><\/p>\n<\/div>\n<\/div>\n","protected":false},"excerpt":{"rendered":"<p>Spo\u0161tovani \u010dlani in \u010dlanice! Lepo vabljeni na delovno akcijo. Kdaj: petek, 21.10.2022 od 9.00 dalje Kje: Nackov ribnik (3-ka) Za\u017eeljena oprema: lopata, kramp in grablje Prosim, \u010de se med seboj obvestite! Vodja delovne akcije je Sandi Ceglar, tel.: 041 606 410, kjer dobite vse informacije. Hvala. DOBER PRIJEM!<\/p>\n","protected":false},"author":1,"featured_media":0,"parent":0,"menu_order":0,"comment_status":"closed","ping_status":"closed","template":"","meta":{"footnotes":""},"class_list":["post-2307","page","type-page","status-publish","hentry"],"aioseo_notices":[],"_links":{"self":[{"href":"https:\/\/rd-crnigraben.si\/index.php\/wp-json\/wp\/v2\/pages\/2307","targetHints":{"allow":["GET"]}}],"collection":[{"href":"https:\/\/rd-crnigraben.si\/index.php\/wp-json\/wp\/v2\/pages"}],"about":[{"href":"https:\/\/rd-crnigraben.si\/index.php\/wp-json\/wp\/v2\/types\/page"}],"author":[{"embeddable":true,"href":"https:\/\/rd-crnigraben.si\/index.php\/wp-json\/wp\/v2\/users\/1"}],"replies":[{"embeddable":true,"href":"https:\/\/rd-crnigraben.si\/index.php\/wp-json\/wp\/v2\/comments?post=2307"}],"version-history":[{"count":1,"href":"https:\/\/rd-crnigraben.si\/index.php\/wp-json\/wp\/v2\/pages\/2307\/revisions"}],"predecessor-version":[{"id":2308,"href":"https:\/\/rd-crnigraben.si\/index.php\/wp-json\/wp\/v2\/pages\/2307\/revisions\/2308"}],"wp:attachment":[{"href":"https:\/\/rd-crnigraben.si\/index.php\/wp-json\/wp\/v2\/media?parent=2307"}],"curies":[{"name":"wp","href":"https:\/\/api.w.org\/{rel}","templated":true}]}}