{"id":2397,"date":"2023-01-18T12:12:12","date_gmt":"2023-01-18T12:12:12","guid":{"rendered":"https:\/\/rd-crnigraben.si\/?page_id=2397"},"modified":"2024-01-21T18:54:35","modified_gmt":"2024-01-21T18:54:35","slug":"all-in-2022","status":"publish","type":"page","link":"https:\/\/rd-crnigraben.si\/index.php\/all-in-2022\/","title":{"rendered":"ALL IN 2022"},"content":{"rendered":"\n<p><strong><u>Skupni rezultati tekmovanja ALL IN 2022:<\/u><\/strong><\/p>\n\n\n\n<h3 class=\"has-text-align-center wp-block-heading\">Hvala vsem tekmovalec za sodelovanje, po\u0161teno tekmovanje in pomo\u010d. Prvim trem, pa iskrene \u010destitke ob uvrstitvi!<\/h3>\n\n\n<a href=\"https:\/\/rd-crnigraben.si\/wp-content\/uploads\/2022\/07\/Skupni-rezultati-tekmovanja-ALL-IN-2022.pdf\" class=\"pdfemb-viewer\" style=\"\" data-width=\"max\" data-height=\"max\" data-toolbar=\"bottom\" data-toolbar-fixed=\"off\">Skupni-rezultati-tekmovanja-ALL-IN-2022<\/a>\n<p class=\"wp-block-pdfemb-pdf-embedder-viewer\"><\/p>\n\n\n<a href=\"https:\/\/rd-crnigraben.si\/wp-content\/uploads\/2022\/07\/Statistika-ulova-po-sektorjih-ALL-IN-2022.pdf\" class=\"pdfemb-viewer\" style=\"\" data-width=\"max\" data-height=\"max\" data-toolbar=\"bottom\" data-toolbar-fixed=\"off\">Statistika-ulova-po-sektorjih-ALL-IN-2022<\/a>\n<p class=\"wp-block-pdfemb-pdf-embedder-viewer\"><\/p>\n\n\n\n<div style=\"height:100px\" aria-hidden=\"true\" class=\"wp-block-spacer\"><\/div>\n\n\n\n<div class=\"wp-block-file\"><a id=\"wp-block-file--media-f892b220-00e4-4a71-bd92-d326d0ebfee9\" href=\"http:\/\/rd-crnigraben.si\/wp-content\/uploads\/2022\/04\/ALL-IN-tekmovanje-2022.pdf\"><br>ALL IN tekmovanje 2022<\/a><a href=\"http:\/\/rd-crnigraben.si\/wp-content\/uploads\/2022\/04\/ALL-IN-tekmovanje-2022.pdf\" class=\"wp-block-file__button wp-element-button\" download aria-describedby=\"wp-block-file--media-f892b220-00e4-4a71-bd92-d326d0ebfee9\">Prenesi<\/a><\/div>\n","protected":false},"excerpt":{"rendered":"<p>Skupni rezultati tekmovanja ALL IN 2022: Hvala vsem tekmovalec za sodelovanje, po\u0161teno tekmovanje in pomo\u010d. Prvim trem, pa iskrene \u010destitke ob uvrstitvi!<\/p>\n","protected":false},"author":1,"featured_media":0,"parent":0,"menu_order":0,"comment_status":"closed","ping_status":"closed","template":"","meta":{"footnotes":""},"class_list":["post-2397","page","type-page","status-publish","hentry"],"aioseo_notices":[],"_links":{"self":[{"href":"https:\/\/rd-crnigraben.si\/index.php\/wp-json\/wp\/v2\/pages\/2397","targetHints":{"allow":["GET"]}}],"collection":[{"href":"https:\/\/rd-crnigraben.si\/index.php\/wp-json\/wp\/v2\/pages"}],"about":[{"href":"https:\/\/rd-crnigraben.si\/index.php\/wp-json\/wp\/v2\/types\/page"}],"author":[{"embeddable":true,"href":"https:\/\/rd-crnigraben.si\/index.php\/wp-json\/wp\/v2\/users\/1"}],"replies":[{"embeddable":true,"href":"https:\/\/rd-crnigraben.si\/index.php\/wp-json\/wp\/v2\/comments?post=2397"}],"version-history":[{"count":1,"href":"https:\/\/rd-crnigraben.si\/index.php\/wp-json\/wp\/v2\/pages\/2397\/revisions"}],"predecessor-version":[{"id":2398,"href":"https:\/\/rd-crnigraben.si\/index.php\/wp-json\/wp\/v2\/pages\/2397\/revisions\/2398"}],"wp:attachment":[{"href":"https:\/\/rd-crnigraben.si\/index.php\/wp-json\/wp\/v2\/media?parent=2397"}],"curies":[{"name":"wp","href":"https:\/\/api.w.org\/{rel}","templated":true}]}}