{"id":2665,"date":"2024-01-11T19:21:25","date_gmt":"2024-01-11T19:21:25","guid":{"rendered":"https:\/\/rd-crnigraben.si\/?page_id=2665"},"modified":"2026-03-11T19:21:51","modified_gmt":"2026-03-11T19:21:51","slug":"seznam-delovnih-ur-v-letu-2023","status":"publish","type":"page","link":"https:\/\/rd-crnigraben.si\/index.php\/seznam-delovnih-ur-v-letu-2023\/","title":{"rendered":"Seznam delovnih ur v letu 2026"},"content":{"rendered":"\n<p><\/p>\n\n\n\n<p class=\"has-text-align-center has-large-font-size\"><a href=\"https:\/\/docs.google.com\/spreadsheets\/d\/1z84lTJF81LAXAIyNjJMtXWlzBMmjf04QA3KenoNo89k\/edit?gid=442240484#gid=442240484\" title=\"\">Seznam delovnih ur 2026<\/a> <strong><a href=\"https:\/\/docs.google.com\/spreadsheets\/d\/1z84lTJF81LAXAIyNjJMtXWlzBMmjf04QA3KenoNo89k\/edit?gid=442240484#gid=442240484\" title=\"\">KLIK<\/a><\/strong><\/p>\n\n\n\n<div style=\"height:100px\" aria-hidden=\"true\" class=\"wp-block-spacer\"><\/div>\n\n\n\n<p><strong>Za vsa dodatna vpra\u0161anja ali obrazlo\u017eitev, sva Vam na voljo.<\/strong><\/p>\n\n\n\n<p class=\"has-text-align-center\"><strong>Sandi Ceglar in Benjamin \u0160krjanc<\/strong><\/p>\n\n\n\n<p><\/p>\n\n\n\n<hr class=\"wp-block-separator has-alpha-channel-opacity\"\/>\n\n\n\n<p>Arhiv<\/p>\n\n\n\n<h5 class=\"wp-block-heading\"><a href=\"https:\/\/rd-crnigraben.si\/index.php\/seznam-delovnih-ur-v-letu-2023-2\/\" title=\"\">2023<\/a><\/h5>\n\n\n\n<h5 class=\"wp-block-heading\"><a href=\"https:\/\/rd-crnigraben.si\/index.php\/seznam-delovnih-ur-v-letu-2024\/\" title=\"\">2024<\/a><\/h5>\n\n\n\n<h5 class=\"wp-block-heading\"><a href=\"https:\/\/rd-crnigraben.si\/index.php\/seznam-delovnih-ur-v-letu-2025\/\" title=\"\">2025<\/a><\/h5>\n\n\n\n<p><\/p>\n","protected":false},"excerpt":{"rendered":"<p>Seznam delovnih ur 2026 KLIK Za vsa dodatna vpra\u0161anja ali obrazlo\u017eitev, sva Vam na voljo. Sandi Ceglar in Benjamin \u0160krjanc Arhiv 2023 2024 2025<\/p>\n","protected":false},"author":1,"featured_media":0,"parent":0,"menu_order":0,"comment_status":"closed","ping_status":"closed","template":"","meta":{"footnotes":""},"class_list":["post-2665","page","type-page","status-publish","hentry"],"aioseo_notices":[],"_links":{"self":[{"href":"https:\/\/rd-crnigraben.si\/index.php\/wp-json\/wp\/v2\/pages\/2665","targetHints":{"allow":["GET"]}}],"collection":[{"href":"https:\/\/rd-crnigraben.si\/index.php\/wp-json\/wp\/v2\/pages"}],"about":[{"href":"https:\/\/rd-crnigraben.si\/index.php\/wp-json\/wp\/v2\/types\/page"}],"author":[{"embeddable":true,"href":"https:\/\/rd-crnigraben.si\/index.php\/wp-json\/wp\/v2\/users\/1"}],"replies":[{"embeddable":true,"href":"https:\/\/rd-crnigraben.si\/index.php\/wp-json\/wp\/v2\/comments?post=2665"}],"version-history":[{"count":24,"href":"https:\/\/rd-crnigraben.si\/index.php\/wp-json\/wp\/v2\/pages\/2665\/revisions"}],"predecessor-version":[{"id":3080,"href":"https:\/\/rd-crnigraben.si\/index.php\/wp-json\/wp\/v2\/pages\/2665\/revisions\/3080"}],"wp:attachment":[{"href":"https:\/\/rd-crnigraben.si\/index.php\/wp-json\/wp\/v2\/media?parent=2665"}],"curies":[{"name":"wp","href":"https:\/\/api.w.org\/{rel}","templated":true}]}}