{"id":2735,"date":"2024-01-21T18:35:18","date_gmt":"2024-01-21T18:35:18","guid":{"rendered":"https:\/\/rd-crnigraben.si\/?page_id=2735"},"modified":"2024-01-21T18:35:19","modified_gmt":"2024-01-21T18:35:19","slug":"all-in-2023","status":"publish","type":"page","link":"https:\/\/rd-crnigraben.si\/index.php\/all-in-2023\/","title":{"rendered":"ALL IN 2023"},"content":{"rendered":"\n<p class=\"has-text-align-center\"><strong>Spo\u0161tovani tekmovalci!<\/strong><\/p>\n\n\n\n<p class=\"has-text-align-center\">Spodaj so objavljeni rezultati tekmovanja ALL IN 2023.<\/p>\n\n\n\n<div style=\"height:50px\" aria-hidden=\"true\" class=\"wp-block-spacer\"><\/div>\n\n\n\n<p class=\"has-text-align-center has-medium-font-size\"><strong>PREDTEKMOVANJE ALL IN 2023<\/strong><\/p>\n\n\n\n<div style=\"height:50px\" aria-hidden=\"true\" class=\"wp-block-spacer\"><\/div>\n\n\n<a href=\"https:\/\/rd-crnigraben.si\/wp-content\/uploads\/2024\/01\/ALL-IN-2023-PREDTEKMOVANJE-SKUPINA-I.pdf\" class=\"pdfemb-viewer\" style=\"\" data-width=\"max\" data-height=\"max\" data-toolbar=\"bottom\" data-toolbar-fixed=\"off\">ALL-IN-2023-PREDTEKMOVANJE-SKUPINA-I<\/a>\n<p class=\"wp-block-pdfemb-pdf-embedder-viewer\"><\/p>\n\n\n<a href=\"https:\/\/rd-crnigraben.si\/wp-content\/uploads\/2024\/01\/ALL-IN-2023-PREDTEKMOVANJE-SKUPINA-II.pdf\" class=\"pdfemb-viewer\" style=\"\" data-width=\"max\" data-height=\"max\" data-toolbar=\"bottom\" data-toolbar-fixed=\"off\">ALL-IN-2023-PREDTEKMOVANJE-SKUPINA-II<\/a>\n<p class=\"wp-block-pdfemb-pdf-embedder-viewer\"><\/p>\n\n\n\n<div style=\"height:50px\" aria-hidden=\"true\" class=\"wp-block-spacer\"><\/div>\n\n\n\n<p class=\"has-text-align-center has-large-font-size\"><strong>FINALE ALL IN 2023<\/strong><\/p>\n\n\n\n<div style=\"height:50px\" aria-hidden=\"true\" class=\"wp-block-spacer\"><\/div>\n\n\n<a href=\"https:\/\/rd-crnigraben.si\/wp-content\/uploads\/2023\/12\/ALL-IN-2023-FINALE-Google-Preglednice.pdf\" class=\"pdfemb-viewer\" style=\"\" data-width=\"max\" data-height=\"max\" data-toolbar=\"bottom\" data-toolbar-fixed=\"off\">ALL-IN-2023-FINALE-Google-Preglednice<\/a>\n<p class=\"wp-block-pdfemb-pdf-embedder-viewer\"><\/p>\n\n\n\n<div style=\"height:50px\" aria-hidden=\"true\" class=\"wp-block-spacer\"><\/div>\n\n\n\n<p><strong><u>POTEK IN IZVEDBA TEKMOVANJA:<\/u><\/strong><\/p>\n\n\n\n<p><\/p>\n\n\n\n<ul class=\"wp-block-list\">\n<li>Trasa je razdeljena na tri (3) sektorje (A, B in C).<\/li>\n\n\n\n<li>Dol\u017eina je omejena na sredino ribnika. Omejitev levo in desno, pa je stvar dogovora med tekmovalcema in pogojena na najbli\u017ejega sotekmovalca, paziti pa morate na omejitev sektorja (glej spodaj).<\/li>\n\n\n\n<li>Tekmovalec v vsakem sklopu treh (3) tekem tekmuje v vsakem sektorju po enkrat (1).<\/li>\n\n\n\n<li>Za prvo (1.) tekmo bo posamezni tekmovalec iz\u017erebal sektor, kot tudi \u0161tevilko lovnega mesta v iz\u017erebanem&nbsp;sektorju.<\/li>\n\n\n\n<li>Za drugo (2.) in tretjo (3.) tekmo, pa se bo tekmovalec premaknil v naslednji&nbsp;sektor v smeri urinega kazalca glede na sektor predhodne tekme. ( A gre v B; B gre v C in C gre v A).&nbsp;<\/li>\n\n\n\n<li>\u0160tevilko lovnega mesta za drugo (2.) in tretjo (3.) tekmo, pa bo posamezni tekmovalec \u017erebal&nbsp;neposredno pred posamezno tekmo.<\/li>\n\n\n\n<li>Premik v sektorjih brez \u017ereba bo izveden v izogib podvojitvi oz. ponovitvi sektorja za posameznega&nbsp;tekmovalca glede na preteklo tekmo.<\/li>\n\n\n\n<li>Za vodji tekmovanja sta imenovana Benjamin \u0160krjanc in Sebastijan Lukman.<\/li>\n<\/ul>\n\n\n\n<p><strong><u>NAGRADE:<\/u><\/strong><\/p>\n\n\n\n<p>Najbolj\u0161i tekmovalci bodo za kon\u010dne uvrstitve FINALA tekmovanja prejeli denarne nagrade in sicer:<\/p>\n\n\n\n<p>1. mesto\u2026\u2026\u2026\u2026.170,00 \u20ac<\/p>\n\n\n\n<p>2. mesto\u2026\u2026\u2026\u2026.150,00 \u20ac<\/p>\n\n\n\n<p>3. mesto\u2026\u2026\u2026\u2026.100,00 \u20ac<\/p>\n\n\n\n<p>4. mesto\u2026\u2026\u2026\u2026.80,00 \u20ac,<\/p>\n\n\n\n<p>5. mesto\u2026\u2026\u2026\u2026.60,00 \u20ac in<\/p>\n\n\n\n<p>6. mesto\u2026\u2026\u2026\u2026.40,00 \u20ac<\/p>\n\n\n\n<p>Nagradni sklad in vi\u0161ina nagrad je razpisana glede na \u0161tevilo prijavljenih tekmovalcev iz predprijav. V kolikor bo dokon\u010dnih prijavah pri\u0161lo do spremembe \u0161tevila tekmovalcev, se nagradni sklad sorazmerno zmanj\u0161a.<\/p>\n\n\n\n<p><strong><u>RAZPISANI TERMINI:<\/u><\/strong><\/p>\n\n\n\n<p>Finalno tekmovanje<\/p>\n\n\n\n<ul class=\"wp-block-list\">\n<li>16.9.2023&nbsp;&nbsp;&nbsp;&nbsp;&nbsp;&nbsp;&nbsp;&nbsp;&nbsp;&nbsp;&nbsp;&nbsp;&nbsp;&nbsp;&nbsp;&nbsp;&nbsp;&nbsp;&nbsp;&nbsp; 8<sup>00 <\/sup>&#8211; 13<sup>00<\/sup>  in 15<sup>00<\/sup> &#8211; 20<sup>00<\/sup><\/li>\n<\/ul>\n\n\n\n<ul class=\"wp-block-list\">\n<li>17.9.2023&nbsp;&nbsp;&nbsp;&nbsp;&nbsp;&nbsp;&nbsp;&nbsp;&nbsp;&nbsp;&nbsp;&nbsp;&nbsp;&nbsp;&nbsp;&nbsp;&nbsp;&nbsp; 8<sup>00 <\/sup>&#8211; 13<sup>00<\/sup><\/li>\n<\/ul>\n\n\n\n<p><\/p>\n\n\n\n<p><strong><u>Zbor tekmovalcev je 1 uro pred pri\u010detkom tekmovanja<\/u><\/strong><\/p>\n\n\n\n<p><strong><u>SPLO\u0160NA PRAVILA TEKMOVANJA:<\/u><\/strong><\/p>\n\n\n\n<ul class=\"wp-block-list\">\n<li>Tekmovalec si sam izbere tehniko ribolova in jo med tekmovanje lahko menja.<\/li>\n\n\n\n<li>Na enkrat se lahko lovi samo z enim ribolovnim priborom.<\/li>\n\n\n\n<li>Tekmovalec si lahko pri hranjenju pomaga z roko, fra\u010do, skodelico za hranjene in pogojno s kobro. PVA v katerikoli obliki je dovoljen.<\/li>\n\n\n\n<li>Ribolov in hranjenje se izvaja iz mesta, ki je predhodno ozna\u010den s strani organizatorja tekmovanja. Hoja levo\/desno in polaganje ribolovnega sistema za grmovje ni dovoljeno. Vse je potrebno opraviti iz ribolovne pozicije (hranjenje, izmet vabe itd.)<\/li>\n\n\n\n<li>Hranjene z raketo ni dovoljeno!<\/li>\n\n\n\n<li>Dodatno hranjenje se lahko izvaja med tekmovanjem. <\/li>\n\n\n\n<li>Pred tekmovanjem NI hranjenja.<\/li>\n\n\n\n<li>Za ulov \u0161teje samo pravilno ujet krap ali amur. Nepravilno ujeta riba se mora vrniti v ribnik!<\/li>\n\n\n\n<li>Tekma poteka 5 ur.<\/li>\n\n\n\n<li>Medsebojna pomo\u010d med tekmovanjem ni dovoljena. <\/li>\n\n\n\n<li>Tehta se na koncu tekmovanja, na ribolovni poziciji.<\/li>\n\n\n\n<li>Ulov se shranjuje v primerni shranjevalki (minimalna dol\u017eina vsaj 3m).<\/li>\n\n\n\n<li>Neupo\u0161tevanje pravil tekmovanja in pravil dru\u0161tva RD \u010crni graben pomeni takoj\u0161no diskvalifikacijo iz tekmovanja. Diskvalifikacijo opravi vodja tekmovanja.<\/li>\n<\/ul>\n\n\n\n<p><strong><u>Trasa:<\/u><\/strong><\/p>\n\n\n<div class=\"wp-block-image\">\n<figure class=\"aligncenter size-full\"><img loading=\"lazy\" decoding=\"async\" width=\"822\" height=\"575\" src=\"https:\/\/rd-crnigraben.si\/wp-content\/uploads\/2023\/07\/Nova-trasa.jpg\" alt=\"\" class=\"wp-image-2598\" srcset=\"https:\/\/rd-crnigraben.si\/wp-content\/uploads\/2023\/07\/Nova-trasa.jpg 822w, https:\/\/rd-crnigraben.si\/wp-content\/uploads\/2023\/07\/Nova-trasa-300x210.jpg 300w, https:\/\/rd-crnigraben.si\/wp-content\/uploads\/2023\/07\/Nova-trasa-768x537.jpg 768w\" sizes=\"auto, (max-width: 822px) 100vw, 822px\" \/><\/figure>\n<\/div>\n\n\n<p><strong>DOBER PRIJEM!<\/strong><\/p>\n","protected":false},"excerpt":{"rendered":"<p>Spo\u0161tovani tekmovalci! Spodaj so objavljeni rezultati tekmovanja ALL IN 2023. PREDTEKMOVANJE ALL IN 2023 FINALE ALL IN 2023 POTEK IN IZVEDBA TEKMOVANJA: NAGRADE: Najbolj\u0161i tekmovalci bodo za kon\u010dne uvrstitve FINALA tekmovanja prejeli denarne nagrade in sicer: 1. mesto\u2026\u2026\u2026\u2026.170,00 \u20ac 2. mesto\u2026\u2026\u2026\u2026.150,00 \u20ac 3. mesto\u2026\u2026\u2026\u2026.100,00 \u20ac 4. mesto\u2026\u2026\u2026\u2026.80,00 \u20ac, 5. mesto\u2026\u2026\u2026\u2026.60,00 \u20ac in 6. mesto\u2026\u2026\u2026\u2026.40,00 \u20ac&hellip; <br \/> <a class=\"read-more\" href=\"https:\/\/rd-crnigraben.si\/index.php\/all-in-2023\/\">Read more<\/a><\/p>\n","protected":false},"author":1,"featured_media":0,"parent":0,"menu_order":0,"comment_status":"closed","ping_status":"closed","template":"","meta":{"footnotes":""},"class_list":["post-2735","page","type-page","status-publish","hentry"],"aioseo_notices":[],"_links":{"self":[{"href":"https:\/\/rd-crnigraben.si\/index.php\/wp-json\/wp\/v2\/pages\/2735","targetHints":{"allow":["GET"]}}],"collection":[{"href":"https:\/\/rd-crnigraben.si\/index.php\/wp-json\/wp\/v2\/pages"}],"about":[{"href":"https:\/\/rd-crnigraben.si\/index.php\/wp-json\/wp\/v2\/types\/page"}],"author":[{"embeddable":true,"href":"https:\/\/rd-crnigraben.si\/index.php\/wp-json\/wp\/v2\/users\/1"}],"replies":[{"embeddable":true,"href":"https:\/\/rd-crnigraben.si\/index.php\/wp-json\/wp\/v2\/comments?post=2735"}],"version-history":[{"count":1,"href":"https:\/\/rd-crnigraben.si\/index.php\/wp-json\/wp\/v2\/pages\/2735\/revisions"}],"predecessor-version":[{"id":2737,"href":"https:\/\/rd-crnigraben.si\/index.php\/wp-json\/wp\/v2\/pages\/2735\/revisions\/2737"}],"wp:attachment":[{"href":"https:\/\/rd-crnigraben.si\/index.php\/wp-json\/wp\/v2\/media?parent=2735"}],"curies":[{"name":"wp","href":"https:\/\/api.w.org\/{rel}","templated":true}]}}