{"id":2917,"date":"2025-02-10T13:36:21","date_gmt":"2025-02-10T13:36:21","guid":{"rendered":"https:\/\/rd-crnigraben.si\/?page_id=2917"},"modified":"2025-02-10T13:36:22","modified_gmt":"2025-02-10T13:36:22","slug":"seznam-delovnih-ur-v-letu-2023-2","status":"publish","type":"page","link":"https:\/\/rd-crnigraben.si\/index.php\/seznam-delovnih-ur-v-letu-2023-2\/","title":{"rendered":"Seznam delovnih ur v letu 2023"},"content":{"rendered":"\n<p>Pozdravljeni!<\/p>\n\n\n\n<p>Spodaj sta objavljena dva seznama. <\/p>\n\n\n\n<p>Na prvem seznamu so objavljene delovne ure \u010dlana, ki jih je opravil v letu 2023. Zabele\u017een je dogodek in \u0161tevilo priznanih ur. Zaradi ve\u010djega \u0161tevila vpisanih dogodkov je seznam v manj\u0161em fontu, ker druga\u010de zaradi preglednosti ne gre. Svetujem Vam, da si seznam prenesete na ra\u010dunalnik ali telefon in si podrobenje ogledate \u017eeljeni podatek.<\/p>\n\n\n\n<p>Na drugem seznamu je zabele\u017eeno, ali je \u010dlan opravil delovne ure ali ne. V kolikor \u010dlan ni opravil potrebnih delovnih ur (20), jih je potrebno pla\u010dati ob podalj\u0161anju \u010dlanarine za leto 2024 . Vsaka neopravljena delovna ura 5 EUR. Vpisane so tudi dolo\u010dene opombe. Opombe so razlo\u017eene v nadaljevanju.<\/p>\n\n\n\n<div style=\"height:61px\" aria-hidden=\"true\" class=\"wp-block-spacer\"><\/div>\n\n\n<a href=\"https:\/\/rd-crnigraben.si\/wp-content\/uploads\/2024\/01\/Seznam-opravljenih-delovnih-ur-2023.pdf\" class=\"pdfemb-viewer\" style=\"\" data-width=\"max\" data-height=\"max\" data-toolbar=\"bottom\" data-toolbar-fixed=\"off\">Seznam-opravljenih-delovnih-ur-2023<\/a>\n<p class=\"wp-block-pdfemb-pdf-embedder-viewer\"><\/p>\n\n\n\n<div class=\"wp-block-file\"><a id=\"wp-block-file--media-d109defb-6b7d-4760-9be8-40d6ce94759b\" href=\"http:\/\/rd-crnigraben.si\/wp-content\/uploads\/2024\/01\/Seznam-opravljenih-delovnih-ur-2023.pdf\">Seznam opravljenih delovnih ur &#8211; 2023<\/a><a href=\"http:\/\/rd-crnigraben.si\/wp-content\/uploads\/2024\/01\/Seznam-opravljenih-delovnih-ur-2023.pdf\" class=\"wp-block-file__button wp-element-button\" download aria-describedby=\"wp-block-file--media-d109defb-6b7d-4760-9be8-40d6ce94759b\">Prenesi<\/a><\/div>\n\n\n\n<div style=\"height:61px\" aria-hidden=\"true\" class=\"wp-block-spacer\"><\/div>\n\n\n<a href=\"https:\/\/rd-crnigraben.si\/wp-content\/uploads\/2024\/01\/Seznam-clanov-ure.pdf\" class=\"pdfemb-viewer\" style=\"\" data-width=\"max\" data-height=\"max\" data-toolbar=\"bottom\" data-toolbar-fixed=\"off\">Seznam-clanov-ure<\/a>\n<p class=\"wp-block-pdfemb-pdf-embedder-viewer\"><\/p>\n\n\n\n<div class=\"wp-block-file\"><a id=\"wp-block-file--media-11a083ed-e744-43d0-ad05-b62884158c73\" href=\"http:\/\/rd-crnigraben.si\/wp-content\/uploads\/2024\/01\/Seznam-clanov-ure.pdf\">Seznam \u010dlanov &#8211; ure<\/a><a href=\"http:\/\/rd-crnigraben.si\/wp-content\/uploads\/2024\/01\/Seznam-clanov-ure.pdf\" class=\"wp-block-file__button wp-element-button\" download aria-describedby=\"wp-block-file--media-11a083ed-e744-43d0-ad05-b62884158c73\">Prenesi<\/a><\/div>\n\n\n\n<div style=\"height:61px\" aria-hidden=\"true\" class=\"wp-block-spacer\"><\/div>\n\n\n\n<p>Upravni odbor, se je na sestanku odlo\u010dil in sklep\u010dno potrdil, da se dolo\u010denim \u010dlanom opravi\u010di delovne ure za leto 2023. Spodaj po\u0161iljam obrazlo\u017eitev upravnega odbora.<\/p>\n\n\n\n<ul class=\"wp-block-list\">\n<li> V preteklem letu poplave niso prizanele tudi nekaterim na\u0161im \u010dlanom, zato se jim opravi\u010di delovne ure. Opravi\u010deni so: Aleksander Kri\u017eman, Benjamin \u0160krjanc, Jo\u017ee Ho\u010devar, Jure Kri\u017eman, Luka Kaker, Milan Zobavnik, Toma\u017e Dermastja, Tone Kosec in \u017deljko Topolovec.<\/li>\n<\/ul>\n\n\n\n<ul class=\"wp-block-list\">\n<li>Za uspe\u0161no izpeljavo dru\u017eabnih sre\u010danj z ribolovom je potrebne kar nekaj logistike. Priprava dru\u017eenja, dovoz in odvoz miz in klopi, ter vsega kar sodi poleg. Opravi\u010dena sta: Lukman Sebastijan in Pestotnik Klemen.<\/li>\n<\/ul>\n\n\n\n<ul class=\"wp-block-list\">\n<li>V preteklem letu je dru\u0161tvo prejelo tudi dve donaciji, za katere se iskreno zahvaljujemo. Opravi\u010dena sta: Duronji\u010d Bo\u0161tjan in Omahna Janez ml.<\/li>\n<\/ul>\n\n\n\n<ul class=\"wp-block-list\">\n<li>Da smo obve\u0161\u010deni o vseh teko\u010dih zadevah je potrebno skrbeti za spletno in facebook stran dru\u0161tva. Sem spada tudi priprava in objava rezultatov itd. Opravi\u010dena sta: Kramberger Miha (gostovanje spletne strani) in Benjamin \u0160krjanc (administracija spletne in FB strani).<\/li>\n<\/ul>\n\n\n\n<p>Ostale obrazlo\u017eitve in opombe:<\/p>\n\n\n\n<ul class=\"wp-block-list\">\n<li>Do opravljanja delovnih ur, so opravi\u010deni \u010dlani starej\u0161i od 60 let. \u010clan je do tega opravi\u010den, v kolikor je ob pla\u010dilu \u010dlanarine, \u017ee imel dopolnjenih 60 let. <\/li>\n\n\n\n<li>V kolikor \u010dlan, iz kateregakoli razloga pavzira, je ob ponovni v\u010dlanitvi v dru\u0161tvo dol\u017ean poravnati vse obveznosti. Poravnati je potrebno vse obveznosti, ki so nastale v \u010dasu, ko je bil aktiven \u010dlan.<\/li>\n<\/ul>\n\n\n\n<div style=\"height:60px\" aria-hidden=\"true\" class=\"wp-block-spacer\"><\/div>\n\n\n\n<p class=\"has-text-align-center\"><strong>Za vsa dodatna vpra\u0161anja ali obrazlo\u017eitev, me lahko kontaktirate. <\/strong><\/p>\n\n\n\n<p class=\"has-text-align-center\"><strong>Benjamin \u0160krjanc<\/strong><\/p>\n","protected":false},"excerpt":{"rendered":"<p>Pozdravljeni! Spodaj sta objavljena dva seznama. Na prvem seznamu so objavljene delovne ure \u010dlana, ki jih je opravil v letu 2023. Zabele\u017een je dogodek in \u0161tevilo priznanih ur. Zaradi ve\u010djega \u0161tevila vpisanih dogodkov je seznam v manj\u0161em fontu, ker druga\u010de zaradi preglednosti ne gre. Svetujem Vam, da si seznam prenesete na ra\u010dunalnik ali telefon in&hellip; <br \/> <a class=\"read-more\" href=\"https:\/\/rd-crnigraben.si\/index.php\/seznam-delovnih-ur-v-letu-2023-2\/\">Read more<\/a><\/p>\n","protected":false},"author":1,"featured_media":0,"parent":0,"menu_order":0,"comment_status":"closed","ping_status":"closed","template":"","meta":{"footnotes":""},"class_list":["post-2917","page","type-page","status-publish","hentry"],"aioseo_notices":[],"_links":{"self":[{"href":"https:\/\/rd-crnigraben.si\/index.php\/wp-json\/wp\/v2\/pages\/2917","targetHints":{"allow":["GET"]}}],"collection":[{"href":"https:\/\/rd-crnigraben.si\/index.php\/wp-json\/wp\/v2\/pages"}],"about":[{"href":"https:\/\/rd-crnigraben.si\/index.php\/wp-json\/wp\/v2\/types\/page"}],"author":[{"embeddable":true,"href":"https:\/\/rd-crnigraben.si\/index.php\/wp-json\/wp\/v2\/users\/1"}],"replies":[{"embeddable":true,"href":"https:\/\/rd-crnigraben.si\/index.php\/wp-json\/wp\/v2\/comments?post=2917"}],"version-history":[{"count":1,"href":"https:\/\/rd-crnigraben.si\/index.php\/wp-json\/wp\/v2\/pages\/2917\/revisions"}],"predecessor-version":[{"id":2918,"href":"https:\/\/rd-crnigraben.si\/index.php\/wp-json\/wp\/v2\/pages\/2917\/revisions\/2918"}],"wp:attachment":[{"href":"https:\/\/rd-crnigraben.si\/index.php\/wp-json\/wp\/v2\/media?parent=2917"}],"curies":[{"name":"wp","href":"https:\/\/api.w.org\/{rel}","templated":true}]}}