{"id":2958,"date":"2025-04-10T06:07:43","date_gmt":"2025-04-10T06:07:43","guid":{"rendered":"https:\/\/rd-crnigraben.si\/?page_id=2958"},"modified":"2026-04-02T10:32:50","modified_gmt":"2026-04-02T10:32:50","slug":"all-in-2025-2","status":"publish","type":"page","link":"https:\/\/rd-crnigraben.si\/index.php\/all-in-2025-2\/","title":{"rendered":"ALL IN 2026"},"content":{"rendered":"\n<p class=\"has-text-align-center\">Spo\u0161tovani. <\/p>\n\n\n\n<p class=\"has-text-align-center\">Na uvodnem sestanku je bil izpeljan \u017ereb skupin. Vsa ostala obvestilo boste prjeli po E-mailu.<\/p>\n\n\n\n<p class=\"has-text-align-center\">Dober prijem!<\/p>\n\n\n\n<div class=\"wp-block-columns is-layout-flex wp-container-core-columns-is-layout-9d6595d7 wp-block-columns-is-layout-flex\">\n<div class=\"wp-block-column is-layout-flow wp-block-column-is-layout-flow\">\n<figure class=\"wp-block-table\"><table class=\"has-fixed-layout\"><tbody><tr><td class=\"has-text-align-center\" data-align=\"center\"><strong>SKUPINA I<\/strong><\/td><\/tr><tr><td class=\"has-text-align-center\" data-align=\"center\">Benjamin \u0160krjanc<\/td><\/tr><tr><td class=\"has-text-align-center\" data-align=\"center\">\u017diga \u0160krjanc<\/td><\/tr><tr><td class=\"has-text-align-center\" data-align=\"center\">Tim Cevzar<\/td><\/tr><tr><td class=\"has-text-align-center\" data-align=\"center\">Sandi Ceglar<\/td><\/tr><tr><td class=\"has-text-align-center\" data-align=\"center\">Darko Strupar<\/td><\/tr><tr><td class=\"has-text-align-center\" data-align=\"center\">Uro\u0161 Maksimovi\u010d<\/td><\/tr><tr><td class=\"has-text-align-center\" data-align=\"center\">Mark Vili\u010d<\/td><\/tr><tr><td class=\"has-text-align-center\" data-align=\"center\">Darko Dolinar<\/td><\/tr><tr><td class=\"has-text-align-center\" data-align=\"center\">Franci Cevzar<\/td><\/tr><tr><td class=\"has-text-align-center\" data-align=\"center\">Roman Vil\u010dnik<\/td><\/tr><tr><td class=\"has-text-align-center\" data-align=\"center\">Primo\u017e Habat<\/td><\/tr><\/tbody><\/table><\/figure>\n<\/div>\n\n\n\n<div class=\"wp-block-column is-layout-flow wp-block-column-is-layout-flow\">\n<figure class=\"wp-block-table\"><table class=\"has-fixed-layout\"><tbody><tr><td class=\"has-text-align-center\" data-align=\"center\"><strong>SKUPINA II<\/strong><\/td><\/tr><tr><td class=\"has-text-align-center\" data-align=\"center\">Sebastijan Lukman<\/td><\/tr><tr><td class=\"has-text-align-center\" data-align=\"center\">Janko Marko<\/td><\/tr><tr><td class=\"has-text-align-center\" data-align=\"center\">\u017diga Zajc<\/td><\/tr><tr><td class=\"has-text-align-center\" data-align=\"center\">Brane Ozmec<\/td><\/tr><tr><td class=\"has-text-align-center\" data-align=\"center\">Milena Igli\u010d<\/td><\/tr><tr><td class=\"has-text-align-center\" data-align=\"center\">Andrej Pu\u010dko<\/td><\/tr><tr><td class=\"has-text-align-center\" data-align=\"center\">Boris Kocmur<\/td><\/tr><tr><td class=\"has-text-align-center\" data-align=\"center\">Matej Zupan\u010di\u010d<\/td><\/tr><tr><td class=\"has-text-align-center\" data-align=\"center\">\u017deljko Topolovec<\/td><\/tr><tr><td class=\"has-text-align-center\" data-align=\"center\">Klemen Pestotnik<\/td><\/tr><tr><td class=\"has-text-align-center\" data-align=\"center\">Roman Ker\u017ean<\/td><\/tr><\/tbody><\/table><\/figure>\n<\/div>\n<\/div>\n\n\n\n<p class=\"has-text-align-center\"><\/p>\n\n\n\n<div style=\"height:40px\" aria-hidden=\"true\" class=\"wp-block-spacer\"><\/div>\n\n\n\n<p class=\"has-text-align-center\"><strong>Razpisani termini za izvedbo ALL IN 2026:<\/strong><\/p>\n\n\n\n<div style=\"height:40px\" aria-hidden=\"true\" class=\"wp-block-spacer\"><\/div>\n\n\n\n<p class=\"has-text-align-center\"><strong>Uvodni del<\/strong>:<\/p>\n\n\n\n<p class=\"has-text-align-center\"><strong>Skupina I<\/strong><\/p>\n\n\n\n<p class=\"has-text-align-center\"><strong>23.5.2026<\/strong><\/p>\n\n\n\n<p class=\"has-text-align-center\"><strong>24.5.2026<\/strong><\/p>\n\n\n\n<div style=\"height:40px\" aria-hidden=\"true\" class=\"wp-block-spacer\"><\/div>\n\n\n\n<p class=\"has-text-align-center\"><strong>Skupina II<\/strong><\/p>\n\n\n\n<p class=\"has-text-align-center\"><strong>30.5.2026<\/strong><\/p>\n\n\n\n<p class=\"has-text-align-center\"><strong>31.5.2026<\/strong><\/p>\n\n\n\n<div style=\"height:40px\" aria-hidden=\"true\" class=\"wp-block-spacer\"><\/div>\n\n\n\n<p class=\"has-text-align-center\"><strong>Zaklju\u010dni del<\/strong><\/p>\n\n\n\n<p class=\"has-text-align-center\"><strong>19.9.2026<\/strong><\/p>\n\n\n\n<p class=\"has-text-align-center\"><strong>20.9.2026<\/strong><\/p>\n\n\n\n<div style=\"height:40px\" aria-hidden=\"true\" class=\"wp-block-spacer\"><\/div>\n\n\n\n<p>Veselimo se va\u0161ega zanimanja in prijetnega dru\u017eenja ob ribniku.<\/p>\n\n\n\n<div style=\"height:100px\" aria-hidden=\"true\" class=\"wp-block-spacer\"><\/div>\n\n\n\n<hr class=\"wp-block-separator has-alpha-channel-opacity\"\/>\n\n\n\n<h2 class=\"wp-block-heading has-text-align-center\">POTEK IN IZVEDBA DRU\u017dABNEGA SRE\u010cANJA Z RIBOLOVOM<\/h2>\n\n\n\n<p>Prijava bo veljavna samo ob pla\u010dani startnini najkasneje ob izvedbenem sestanku. Zaradi na\u010dina izvedbe dru\u017eabnega sre\u010danja z ribolovom kasnej\u0161a prijava <strong>NI ve\u010d mo\u017ena<\/strong>.<\/p>\n\n\n\n<p>Vi\u0161ina startnine na udele\u017eenca zna\u0161a 50,00 \u20ac. Startnino lahko zalo\u017ei tudi drug \u010dlan v imenu udele\u017eenca.<\/p>\n\n\n\n<p>Glede na ve\u010dje \u0161tevilo prijavljenih udele\u017eencev se udele\u017eence z \u017erebom razdeli v dve (2) skupini (skupina I. in skupina II.). \u017dreb bo izveden na izvedbenem sestanku.<\/p>\n\n\n\n<p>Obe skupini bosta v razpisanih terminih izvajali ribolov po naslednjem razporedu:<br>V prvem terminu (v soboto) bo potekal dopoldanski in popoldanski ribolovni del sre\u010danja, in sicer dopoldan med 08.00 in 13.00 uro ter popoldan med 14.00 in 19.00 uro.<br>V drugem terminu (v nedeljo) pa bo potekal dopoldanski ribolovni del sre\u010danja med 08.00 in 13.00 uro.<\/p>\n\n\n\n<p>Za prvi razpisani termin bodo udele\u017eenci v vsaki skupini \u017erebali sektor in lovno pozicijo.<\/p>\n\n\n\n<p>Sektor se \u017ereba samo v prvem terminu, nato pa se avtomatsko prena\u0161a (A\u2013B; B\u2013C; C\u2013A itd.).<\/p>\n\n\n\n<p>Lovno pozicijo v sektorju udele\u017eenec \u017ereba pred za\u010detkom vsakega ribolovnega dela sre\u010danja.<\/p>\n\n\n\n<p>Dru\u017eabno sre\u010danje z ribolovom je razdeljeno na dva (2) dela:<br><strong>UVODNI DEL<\/strong> in <strong>ZAKLJU\u010cNI DEL<\/strong>.<br>V vsakem delu se izvedejo trije (3) ribolovni deli sre\u010danja.<\/p>\n\n\n\n<p>Kot rezultat se bele\u017ei te\u017ea ujetih rib, kon\u010dni rezultat za vsak del sre\u010danja pa predstavlja skupna te\u017ea treh (3) ribolovnih delov.<\/p>\n\n\n\n<p>V <strong>ZAKLJU\u010cNI DEL (3 ribolovni deli)<\/strong> se uvrsti najbolj\u0161ih sedem (7) udele\u017eencev iz vsake skupine ter osmo (8) uvr\u0161\u010deni udele\u017eenec z ve\u010djo skupno te\u017eo iz skupine I ali II.<\/p>\n\n\n\n<p>\u010ce imajo udele\u017eenci v <strong>UVODNEM DELU<\/strong> enako kon\u010dno te\u017eo, se vi\u0161je uvrsti udele\u017eenec, ki je v enem posameznem ribolovnem delu ujel oziroma zbral ve\u010djo te\u017eo.<\/p>\n\n\n\n<p>\u010ce imata osmo (8) uvr\u0161\u010dena iz obeh skupin v uvodnem delu enako kon\u010dno te\u017eo, se naprej uvrsti udele\u017eenec, ki je v enem posameznem ribolovnem delu ujel oziroma zbral ve\u010djo te\u017eo.<\/p>\n\n\n\n<p>Najbolj\u0161ih petnajst (15) udele\u017eencev iz <strong>UVODNEGA DELA<\/strong> sodeluje v <strong>ZAKLJU\u010cNEM DELU<\/strong> (3 ribolovni deli). Te\u017ea ujetih rib iz uvodnega dela se <strong>NE<\/strong> prena\u0161a v zaklju\u010dni del.<\/p>\n\n\n\n<p>\u010ce imajo udele\u017eenci v <strong>ZAKLJU\u010cNEM DELU<\/strong> enako kon\u010dno te\u017eo, se vi\u0161je uvrsti udele\u017eenec, ki je v enem posameznem ribolovnem delu ujel oziroma zbral ve\u010djo te\u017eo.<\/p>\n\n\n\n<p>Trasa je razdeljena na tri (3) sektorje (A, B in C).<\/p>\n\n\n\n<p>Dol\u017eina je omejena na sredino ribnika. Omejitev levo in desno je stvar dogovora med udele\u017eencema in je pogojena z najbli\u017ejim sosednjim udele\u017eencem. Prepovedan je lov na sosednjo pozicijo drugega sektorja.<\/p>\n\n\n\n<p>Udele\u017eenec v vsakem sklopu treh (3) ribolovnih delov lovi v vsakem sektorju po enkrat (1).<\/p>\n\n\n\n<p>Za vodji dru\u017eabnega sre\u010danja z ribolovom sta imenovana <strong>Benjamin \u0160krjanc<\/strong> in <strong>Sebastijan Lukman<\/strong>.<\/p>\n\n\n\n<hr class=\"wp-block-separator has-alpha-channel-opacity\"\/>\n\n\n\n<h2 class=\"wp-block-heading\">NAGRADE:<\/h2>\n\n\n\n<p>Najbolje uvr\u0161\u010deni udele\u017eenci bodo za kon\u010dne uvrstitve <strong>ZAKLJU\u010cNEGA DELA<\/strong> prejeli denarne nagrade in sicer:<\/p>\n\n\n\n<ol class=\"wp-block-list\">\n<li>mesto\u2026\u2026\u2026\u2026.170,00 \u20ac<\/li>\n\n\n\n<li>mesto\u2026\u2026\u2026\u2026.150,00 \u20ac<\/li>\n\n\n\n<li>mesto\u2026\u2026\u2026\u2026.100,00 \u20ac<\/li>\n\n\n\n<li>mesto\u2026\u2026\u2026\u2026.80,00 \u20ac<\/li>\n\n\n\n<li>mesto\u2026\u2026\u2026\u2026.60,00 \u20ac<\/li>\n\n\n\n<li>mesto\u2026\u2026\u2026\u2026.40,00 \u20ac<\/li>\n<\/ol>\n\n\n\n<p>Nagradni sklad in vi\u0161ina nagrad sta dolo\u010dena glede na \u0161tevilo prijavljenih udele\u017eencev iz predprijav. V kolikor bo pri dokon\u010dnih prijavah pri\u0161lo do spremembe \u0161tevila udele\u017eencev, se nagradni sklad sorazmerno zmanj\u0161a.<\/p>\n\n\n\n<hr class=\"wp-block-separator has-alpha-channel-opacity\"\/>\n\n\n\n<h2 class=\"wp-block-heading\">SPLO\u0160NA PRAVILA DRU\u017dABNEGA SRE\u010cANJA Z RIBOLOVOM:<\/h2>\n\n\n\n<p>Udele\u017eenec si sam izbere tehniko ribolova in jo lahko med sre\u010danjem tudi menja.<\/p>\n\n\n\n<p>Naenkrat se lahko lovi samo z enim ribolovnim priborom.<\/p>\n\n\n\n<p>Udele\u017eenec si lahko pri hranjenju pomaga z roko, fra\u010do, skodelico za hranjenje in pogojno s kobro. PVA v katerikoli obliki je dovoljen.<\/p>\n\n\n\n<p>Hranjenje z raketo <strong>ni dovoljeno<\/strong>.<\/p>\n\n\n\n<p>Dodatno hranjenje se lahko izvaja med ribolovnim delom sre\u010danja. Pred za\u010detkom ribolova <strong>hranjenje NI dovoljeno<\/strong>.<\/p>\n\n\n\n<p>Za ulov \u0161teje samo pravilno ujet krap ali amur. Nepravilno ujeta riba se mora vrniti v ribnik.<\/p>\n\n\n\n<p>Posamezen ribolovni del sre\u010danja traja <strong>5 ur<\/strong>.<\/p>\n\n\n\n<p>Med seboj si pomagamo. \u010ce udele\u017eenec na sosednji poziciji potrebuje pomo\u010d, mu pomagamo. V \u010dasu pomo\u010di lahko nadaljujemo z ribolovom in ulov je veljaven.<\/p>\n\n\n\n<p>Tehtanje se izvede na koncu ribolovnega dela sre\u010danja na ribolovni poziciji.<\/p>\n\n\n\n<p>Ulov se shranjuje v primerni shranjevalki (minimalna dol\u017eina vsaj 3 m).<\/p>\n\n\n\n<p>Neupo\u0161tevanje pravil dru\u017eabnega sre\u010danja z ribolovom in pravil dru\u0161tva <strong>RD \u010crni graben<\/strong> pomeni takoj\u0161njo izklju\u010ditev iz dru\u017eabnega sre\u010danja z ribolovom.<\/p>\n\n\n\n<p>Za vodji dru\u017eabnega sre\u010danja z ribolovom sta imenovana <strong>Benjamin \u0160krjanc<\/strong> in <strong>Sebastijan Lukman<\/strong>.<\/p>\n\n\n\n<hr class=\"wp-block-separator has-alpha-channel-opacity\"\/>\n\n\n\n<h2 class=\"wp-block-heading\">TRASA:<\/h2>\n\n\n<div class=\"wp-block-image\">\n<figure class=\"aligncenter\"><img loading=\"lazy\" decoding=\"async\" width=\"822\" height=\"575\" src=\"http:\/\/rd-crnigraben.si\/wp-content\/uploads\/2023\/07\/Nova-trasa.jpg\" alt=\"\" class=\"wp-image-2598\" srcset=\"https:\/\/rd-crnigraben.si\/wp-content\/uploads\/2023\/07\/Nova-trasa.jpg 822w, https:\/\/rd-crnigraben.si\/wp-content\/uploads\/2023\/07\/Nova-trasa-300x210.jpg 300w, https:\/\/rd-crnigraben.si\/wp-content\/uploads\/2023\/07\/Nova-trasa-768x537.jpg 768w\" sizes=\"auto, (max-width: 822px) 100vw, 822px\" \/><\/figure>\n<\/div>\n\n\n<p><strong>DOBER PRIJEM!<\/strong><\/p>\n\n\n\n<hr class=\"wp-block-separator has-alpha-channel-opacity\"\/>\n\n\n\n<p><strong>Arhiv<\/strong><\/p>\n\n\n\n<h6 class=\"wp-block-heading\"><a href=\"https:\/\/rd-crnigraben.si\/index.php\/all-in-2022\/\" title=\"\">2022<\/a><\/h6>\n\n\n\n<h6 class=\"wp-block-heading\"><a href=\"https:\/\/rd-crnigraben.si\/index.php\/all-in-2023\/\" title=\"\">2023<\/a><\/h6>\n\n\n\n<h6 class=\"wp-block-heading\"><a href=\"https:\/\/rd-crnigraben.si\/index.php\/all-in-2024\/\" title=\"\">2024<\/a><\/h6>\n\n\n\n<h6 class=\"wp-block-heading\"><a href=\"https:\/\/rd-crnigraben.si\/index.php\/all-in-2025-3\/\" title=\"\">2025<\/a><\/h6>\n\n\n\n<p><\/p>\n","protected":false},"excerpt":{"rendered":"<p>Spo\u0161tovani. Na uvodnem sestanku je bil izpeljan \u017ereb skupin. Vsa ostala obvestilo boste prjeli po E-mailu. Dober prijem! SKUPINA I Benjamin \u0160krjanc \u017diga \u0160krjanc Tim Cevzar Sandi Ceglar Darko Strupar Uro\u0161 Maksimovi\u010d Mark Vili\u010d Darko Dolinar Franci Cevzar Roman Vil\u010dnik Primo\u017e Habat SKUPINA II Sebastijan Lukman Janko Marko \u017diga Zajc Brane Ozmec Milena Igli\u010d Andrej&hellip; <br \/> <a class=\"read-more\" href=\"https:\/\/rd-crnigraben.si\/index.php\/all-in-2025-2\/\">Read more<\/a><\/p>\n","protected":false},"author":1,"featured_media":0,"parent":0,"menu_order":0,"comment_status":"closed","ping_status":"closed","template":"","meta":{"footnotes":""},"class_list":["post-2958","page","type-page","status-publish","hentry"],"aioseo_notices":[],"_links":{"self":[{"href":"https:\/\/rd-crnigraben.si\/index.php\/wp-json\/wp\/v2\/pages\/2958","targetHints":{"allow":["GET"]}}],"collection":[{"href":"https:\/\/rd-crnigraben.si\/index.php\/wp-json\/wp\/v2\/pages"}],"about":[{"href":"https:\/\/rd-crnigraben.si\/index.php\/wp-json\/wp\/v2\/types\/page"}],"author":[{"embeddable":true,"href":"https:\/\/rd-crnigraben.si\/index.php\/wp-json\/wp\/v2\/users\/1"}],"replies":[{"embeddable":true,"href":"https:\/\/rd-crnigraben.si\/index.php\/wp-json\/wp\/v2\/comments?post=2958"}],"version-history":[{"count":25,"href":"https:\/\/rd-crnigraben.si\/index.php\/wp-json\/wp\/v2\/pages\/2958\/revisions"}],"predecessor-version":[{"id":3090,"href":"https:\/\/rd-crnigraben.si\/index.php\/wp-json\/wp\/v2\/pages\/2958\/revisions\/3090"}],"wp:attachment":[{"href":"https:\/\/rd-crnigraben.si\/index.php\/wp-json\/wp\/v2\/media?parent=2958"}],"curies":[{"name":"wp","href":"https:\/\/api.w.org\/{rel}","templated":true}]}}