{"id":2984,"date":"2025-04-30T07:24:53","date_gmt":"2025-04-30T07:24:53","guid":{"rendered":"https:\/\/rd-crnigraben.si\/?page_id=2984"},"modified":"2025-04-30T07:24:53","modified_gmt":"2025-04-30T07:24:53","slug":"seznam-delovnih-ur-v-letu-2024","status":"publish","type":"page","link":"https:\/\/rd-crnigraben.si\/index.php\/seznam-delovnih-ur-v-letu-2024\/","title":{"rendered":"Seznam delovnih ur v letu 2024"},"content":{"rendered":"\n<p>Pozdravljeni!<\/p>\n\n\n\n<p>Spodaj sta objavljena dva seznama.<\/p>\n\n\n\n<p>Na prvem seznamu so objavljene delovne ure \u010dlana, ki jih je opravil v letu 2024. Zabele\u017een je dogodek in \u0161tevilo priznanih ur. Zaradi ve\u010djega \u0161tevila vpisanih dogodkov je seznam v manj\u0161em fontu, ker druga\u010de zaradi preglednosti ne gre. Svetujem Vam, da si seznam prenesete na ra\u010dunalnik ali telefon in si podrobenje ogledate \u017eeljeni podatek. Zaradi la\u017eje preglednosti sem dodal tudi seznam, kjer je razvidno samo \u0161tevilo opravljenih ur.<\/p>\n\n\n\n<p>Na drugem seznamu je zabele\u017eeno, ali je \u010dlan opravil delovne ure ali ne. V kolikor \u010dlan ni opravil potrebnih delovnih ur (20), jih je potrebno pla\u010dati ob podalj\u0161anju \u010dlanarine za leto 2025 . Vsaka neopravljena delovna ura 8 EUR. Vpisane so tudi dolo\u010dene opombe. Opombe so razlo\u017eene v nadaljevanju.<\/p>\n\n\n\n<p>Upravni odbor, se je na sestanku odlo\u010dil in sklep\u010dno potrdil, da se dolo\u010denim \u010dlanom opravi\u010di delovne ure za leto 2024. Spodaj po\u0161iljam obrazlo\u017eitev upravnega odbora.<\/p>\n\n\n\n<ul class=\"wp-block-list\">\n<li>Za uspe\u0161no izpeljavo dru\u017eabnih sre\u010danj z ribolovom je potrebne kar nekaj logistike. Priprava dru\u017eenja, dovoz in odvoz miz in klopi, ter vsega kar sodi poleg. Opravi\u010dena sta: Lukman Sebastijan in Pestotnik Klemen.<\/li>\n\n\n\n<li>V preteklem letu je dru\u0161tvo prejelo tudi ve\u010d razli\u010dnih donaciji, za katere se iskreno zahvaljujemo. Opravi\u010deni so: Duronji\u010d Bo\u0161tjan, Omahna Janez ml. in Kaker Luka.<\/li>\n\n\n\n<li>Da smo obve\u0161\u010deni o vseh teko\u010dih zadevah je potrebno skrbeti za spletno in facebook stran dru\u0161tva. Sem spada tudi priprava in objava rezultatov itd. Opravi\u010dena sta: Kramberger Miha (gostovanje spletne strani) in Benjamin \u0160krjanc (administracija spletne in FB strani).<\/li>\n<\/ul>\n\n\n\n<p>Ostale obrazlo\u017eitve in opombe:<\/p>\n\n\n\n<ul class=\"wp-block-list\">\n<li>Do opravljanja delovnih ur, so opravi\u010deni \u010dlani starej\u0161i od 60 let. \u010clan je do tega opravi\u010den, v kolikor je ob pla\u010dilu \u010dlanarine, \u017ee imel dopolnjenih 60 let.<\/li>\n\n\n\n<li>V kolikor \u010dlan, iz kateregakoli razloga pavzira, je ob ponovni v\u010dlanitvi v dru\u0161tvo dol\u017ean poravnati vse obveznosti. Poravnati je potrebno vse obveznosti, ki so nastale v \u010dasu, ko je bil aktiven \u010dlan.<\/li>\n<\/ul>\n\n\n\n<p><strong>Za vsa dodatna vpra\u0161anja ali obrazlo\u017eitev, me lahko kontaktirate.<\/strong><\/p>\n\n\n\n<p class=\"has-text-align-center\"><strong>Sandi Ceglar in Benjamin \u0160krjanc<\/strong><\/p>\n\n\n<a href=\"https:\/\/rd-crnigraben.si\/wp-content\/uploads\/2025\/02\/Opravljene-delovne-ure-2024-finalna.pdf\" class=\"pdfemb-viewer\" style=\"\" data-width=\"max\" data-height=\"max\" data-toolbar=\"bottom\" data-toolbar-fixed=\"off\">Opravljene-delovne-ure-2024-finalna<\/a>\n\n<a href=\"https:\/\/rd-crnigraben.si\/wp-content\/uploads\/2025\/02\/Placilo-ur-za-splet-finalna.pdf\" class=\"pdfemb-viewer\" style=\"\" data-width=\"max\" data-height=\"max\" data-toolbar=\"bottom\" data-toolbar-fixed=\"off\">Placilo-ur-za-splet-finalna<\/a>\n\n\n<p><\/p>\n\n\n\n<hr class=\"wp-block-separator has-alpha-channel-opacity\"\/>\n","protected":false},"excerpt":{"rendered":"<p>Pozdravljeni! Spodaj sta objavljena dva seznama. Na prvem seznamu so objavljene delovne ure \u010dlana, ki jih je opravil v letu 2024. Zabele\u017een je dogodek in \u0161tevilo priznanih ur. Zaradi ve\u010djega \u0161tevila vpisanih dogodkov je seznam v manj\u0161em fontu, ker druga\u010de zaradi preglednosti ne gre. Svetujem Vam, da si seznam prenesete na ra\u010dunalnik ali telefon in&hellip; <br \/> <a class=\"read-more\" href=\"https:\/\/rd-crnigraben.si\/index.php\/seznam-delovnih-ur-v-letu-2024\/\">Read more<\/a><\/p>\n","protected":false},"author":1,"featured_media":0,"parent":0,"menu_order":0,"comment_status":"closed","ping_status":"closed","template":"","meta":{"footnotes":""},"class_list":["post-2984","page","type-page","status-publish","hentry"],"aioseo_notices":[],"_links":{"self":[{"href":"https:\/\/rd-crnigraben.si\/index.php\/wp-json\/wp\/v2\/pages\/2984","targetHints":{"allow":["GET"]}}],"collection":[{"href":"https:\/\/rd-crnigraben.si\/index.php\/wp-json\/wp\/v2\/pages"}],"about":[{"href":"https:\/\/rd-crnigraben.si\/index.php\/wp-json\/wp\/v2\/types\/page"}],"author":[{"embeddable":true,"href":"https:\/\/rd-crnigraben.si\/index.php\/wp-json\/wp\/v2\/users\/1"}],"replies":[{"embeddable":true,"href":"https:\/\/rd-crnigraben.si\/index.php\/wp-json\/wp\/v2\/comments?post=2984"}],"version-history":[{"count":1,"href":"https:\/\/rd-crnigraben.si\/index.php\/wp-json\/wp\/v2\/pages\/2984\/revisions"}],"predecessor-version":[{"id":2985,"href":"https:\/\/rd-crnigraben.si\/index.php\/wp-json\/wp\/v2\/pages\/2984\/revisions\/2985"}],"wp:attachment":[{"href":"https:\/\/rd-crnigraben.si\/index.php\/wp-json\/wp\/v2\/media?parent=2984"}],"curies":[{"name":"wp","href":"https:\/\/api.w.org\/{rel}","templated":true}]}}