{"id":3070,"date":"2026-03-11T19:17:15","date_gmt":"2026-03-11T19:17:15","guid":{"rendered":"https:\/\/rd-crnigraben.si\/?page_id=3070"},"modified":"2026-03-11T19:17:15","modified_gmt":"2026-03-11T19:17:15","slug":"all-in-2025-3","status":"publish","type":"page","link":"https:\/\/rd-crnigraben.si\/index.php\/all-in-2025-3\/","title":{"rendered":"ALL IN 2025"},"content":{"rendered":"\n<p class=\"has-text-align-center\"><strong>Pozdravljeni<\/strong><\/p>\n\n\n\n<p class=\"has-text-align-center\"><\/p>\n\n\n\n<p class=\"has-text-align-center\">Spodaj so objavljeni vsi rezultati tekmovanja ALL IN 2025.<\/p>\n\n\n\n<p class=\"has-text-align-center\">\u010cestitke!<\/p>\n\n\n<a href=\"https:\/\/rd-crnigraben.si\/wp-content\/uploads\/2025\/10\/Rezultati-finala-ALL-IN-2025.pdf\" class=\"pdfemb-viewer\" style=\"\" data-width=\"max\" data-height=\"max\" data-toolbar=\"bottom\" data-toolbar-fixed=\"off\">Rezultati-finala-ALL-IN-2025<\/a>\n\n\n<div style=\"height:59px\" aria-hidden=\"true\" class=\"wp-block-spacer\"><\/div>\n\n\n<a href=\"https:\/\/rd-crnigraben.si\/wp-content\/uploads\/2025\/06\/ALL-IN-2025-Skupni-rezultati-SKUPINA-I.pdf\" class=\"pdfemb-viewer\" style=\"\" data-width=\"max\" data-height=\"max\" data-toolbar=\"bottom\" data-toolbar-fixed=\"off\">ALL-IN-2025-Skupni-rezultati-SKUPINA-I<\/a>\n\n\n<div style=\"height:15px\" aria-hidden=\"true\" class=\"wp-block-spacer\"><\/div>\n\n\n<a href=\"https:\/\/rd-crnigraben.si\/wp-content\/uploads\/2025\/06\/ALL-IN-2025-Skupni-rezultati-SKUPINA-II.pdf\" class=\"pdfemb-viewer\" style=\"\" data-width=\"max\" data-height=\"max\" data-toolbar=\"bottom\" data-toolbar-fixed=\"off\">ALL-IN-2025-Skupni-rezultati-SKUPINA-II<\/a>\n\n\n<div style=\"height:59px\" aria-hidden=\"true\" class=\"wp-block-spacer\"><\/div>\n\n\n\n<figure class=\"wp-block-table aligncenter\"><table><tbody><tr><td class=\"has-text-align-center\" data-align=\"center\"><strong>SEZNAM TEKMOVALCEV FINALE ALL IN 2025<\/strong><\/td><\/tr><tr><td class=\"has-text-align-center\" data-align=\"center\">Andrej Pu\u010dko<\/td><\/tr><tr><td class=\"has-text-align-center\" data-align=\"center\">Benjamin \u0160krjanc<\/td><\/tr><tr><td class=\"has-text-align-center\" data-align=\"center\">Damijan Umek<\/td><\/tr><tr><td class=\"has-text-align-center\" data-align=\"center\">Darko Dolinar<\/td><\/tr><tr><td class=\"has-text-align-center\" data-align=\"center\">Brane Ozmec<\/td><\/tr><tr><td class=\"has-text-align-center\" data-align=\"center\">Franci Cevzar<\/td><\/tr><tr><td class=\"has-text-align-center\" data-align=\"center\">Henry Bartol<\/td><\/tr><tr><td class=\"has-text-align-center\" data-align=\"center\">Janko Marko<\/td><\/tr><tr><td class=\"has-text-align-center\" data-align=\"center\">\u017diga Zajc<\/td><\/tr><tr><td class=\"has-text-align-center\" data-align=\"center\">Milena Igli\u010d<\/td><\/tr><tr><td class=\"has-text-align-center\" data-align=\"center\">Nejc Ker\u017ean<\/td><\/tr><tr><td class=\"has-text-align-center\" data-align=\"center\">Roman Vil\u010dnik<\/td><\/tr><tr><td class=\"has-text-align-center\" data-align=\"center\">Sandi Ceglar<\/td><\/tr><tr><td class=\"has-text-align-center\" data-align=\"center\">Tim Cevzar<\/td><\/tr><tr><td class=\"has-text-align-center\" data-align=\"center\">\u017diga \u0160krjanc<\/td><\/tr><\/tbody><\/table><\/figure>\n\n\n\n<div style=\"height:59px\" aria-hidden=\"true\" class=\"wp-block-spacer\"><\/div>\n\n\n\n<figure class=\"wp-block-table aligncenter\"><table><tbody><tr><td class=\"has-text-align-center\" data-align=\"center\"><strong>SEZNAM TEKMOVALCEV PREDTEKMOVANJE ALL IN 2025<\/strong><\/td><\/tr><tr><td class=\"has-text-align-center\" data-align=\"center\">Andrej Pu\u010dko<\/td><\/tr><tr><td class=\"has-text-align-center\" data-align=\"center\">Benjamin \u0160krjanc<\/td><\/tr><tr><td class=\"has-text-align-center\" data-align=\"center\">Boris Kocmur<\/td><\/tr><tr><td class=\"has-text-align-center\" data-align=\"center\">Damijan Umek<\/td><\/tr><tr><td class=\"has-text-align-center\" data-align=\"center\">Darko Dolinar<\/td><\/tr><tr><td class=\"has-text-align-center\" data-align=\"center\">Darko Strupar<\/td><\/tr><tr><td class=\"has-text-align-center\" data-align=\"center\">Brane Ozmec<\/td><\/tr><tr><td class=\"has-text-align-center\" data-align=\"center\">Franci Cevzar<\/td><\/tr><tr><td class=\"has-text-align-center\" data-align=\"center\">Henry Bartol<\/td><\/tr><tr><td class=\"has-text-align-center\" data-align=\"center\">Klemen Pestotnik<\/td><\/tr><tr><td class=\"has-text-align-center\" data-align=\"center\">Janko Marko<\/td><\/tr><tr><td class=\"has-text-align-center\" data-align=\"center\">Matej Lazar<\/td><\/tr><tr><td class=\"has-text-align-center\" data-align=\"center\">\u017diga Zajc<\/td><\/tr><tr><td class=\"has-text-align-center\" data-align=\"center\">Milena Igli\u010d<\/td><\/tr><tr><td class=\"has-text-align-center\" data-align=\"center\">Nejc Ker\u017ean<\/td><\/tr><tr><td class=\"has-text-align-center\" data-align=\"center\">Primo\u017e Habat<\/td><\/tr><tr><td class=\"has-text-align-center\" data-align=\"center\">Roman Ker\u017ean<\/td><\/tr><tr><td class=\"has-text-align-center\" data-align=\"center\">Roman Vil\u010dnik<\/td><\/tr><tr><td class=\"has-text-align-center\" data-align=\"center\">Sandi Ceglar<\/td><\/tr><tr><td class=\"has-text-align-center\" data-align=\"center\">Sebastijan Lukman<\/td><\/tr><tr><td class=\"has-text-align-center\" data-align=\"center\">Tim Cevzar<\/td><\/tr><tr><td class=\"has-text-align-center\" data-align=\"center\">\u017deljko Topolovec<\/td><\/tr><tr><td class=\"has-text-align-center\" data-align=\"center\">\u017diga \u0160krjanc<\/td><\/tr><\/tbody><\/table><\/figure>\n\n\n\n<p class=\"has-text-align-center\"><\/p>\n\n\n\n<p class=\"has-text-align-center\"><\/p>\n\n\n\n<div class=\"wp-block-columns is-layout-flex wp-container-core-columns-is-layout-9d6595d7 wp-block-columns-is-layout-flex\">\n<div class=\"wp-block-column is-layout-flow wp-block-column-is-layout-flow\">\n<figure class=\"wp-block-table aligncenter\"><table><tbody><tr><td><strong>Skupina I<\/strong><\/td><\/tr><\/tbody><\/table><\/figure>\n\n\n\n<figure class=\"wp-block-table\"><table><tbody><tr><td class=\"has-text-align-center\" data-align=\"center\">Sebastijan Lukman<\/td><\/tr><tr><td class=\"has-text-align-center\" data-align=\"center\">Tim Cevzar<\/td><\/tr><tr><td class=\"has-text-align-center\" data-align=\"center\">Boris Kocmur<\/td><\/tr><tr><td class=\"has-text-align-center\" data-align=\"center\">Damijan Umek<\/td><\/tr><tr><td class=\"has-text-align-center\" data-align=\"center\">Franci Cevzar<\/td><\/tr><tr><td class=\"has-text-align-center\" data-align=\"center\">Janko Marko<\/td><\/tr><tr><td class=\"has-text-align-center\" data-align=\"center\">Sandi Ceglar<\/td><\/tr><tr><td class=\"has-text-align-center\" data-align=\"center\">Darko Dolinar<\/td><\/tr><tr><td class=\"has-text-align-center\" data-align=\"center\">\u017diga Zajc<\/td><\/tr><tr><td class=\"has-text-align-center\" data-align=\"center\">Primo\u017e Habat<\/td><\/tr><tr><td class=\"has-text-align-center\" data-align=\"center\">Klemen Pestotnik<\/td><\/tr><\/tbody><\/table><\/figure>\n\n\n\n<p><\/p>\n<\/div>\n\n\n\n<div class=\"wp-block-column is-layout-flow wp-block-column-is-layout-flow\">\n<figure class=\"wp-block-table aligncenter\"><table><tbody><tr><td><strong>Skupina II<\/strong><\/td><\/tr><\/tbody><\/table><\/figure>\n\n\n\n<figure class=\"wp-block-table\"><table><tbody><tr><td class=\"has-text-align-center\" data-align=\"center\">Benjamin \u0160krjanc<\/td><\/tr><tr><td class=\"has-text-align-center\" data-align=\"center\">Andrej Pu\u010dko<\/td><\/tr><tr><td class=\"has-text-align-center\" data-align=\"center\">Brane Ozmec<\/td><\/tr><tr><td class=\"has-text-align-center\" data-align=\"center\">Darko Strupar<\/td><\/tr><tr><td class=\"has-text-align-center\" data-align=\"center\">Henry Bartol<\/td><\/tr><tr><td class=\"has-text-align-center\" data-align=\"center\">Matej Lazar<\/td><\/tr><tr><td class=\"has-text-align-center\" data-align=\"center\">Milena Igli\u010d<\/td><\/tr><tr><td class=\"has-text-align-center\" data-align=\"center\">\u017diga \u0160krjanc<\/td><\/tr><tr><td class=\"has-text-align-center\" data-align=\"center\">Roman Vil\u010dnik<\/td><\/tr><tr><td class=\"has-text-align-center\" data-align=\"center\">Nejc Ker\u017ean<\/td><\/tr><tr><td class=\"has-text-align-center\" data-align=\"center\">\u017deljko Topolovec<\/td><\/tr><tr><td class=\"has-text-align-center\" data-align=\"center\">Roman Ker\u017ean<\/td><\/tr><\/tbody><\/table><\/figure>\n<\/div>\n<\/div>\n\n\n\n<p><\/p>\n\n\n\n<p><strong><u>POTEK IN IZVEDBA TEKMOVANJA:<\/u><\/strong><\/p>\n\n\n\n<ul class=\"wp-block-list\">\n<li>Zbrane so bile predprijave. Prijava bo veljavna samo ob pla\u010dani startnini najkasneje ob izvedbenem sestanku. Zaradi na\u010dina izvedbe tekmovanja kasnej\u0161a prijava NI ve\u010d mo\u017ena.<\/li>\n\n\n\n<li>Vi\u0161ina startnine na tekmovalca zna\u0161a 50,00 \u20ac. Startnino lahko zalo\u017ei tudi drug \u010dlan v imenu tekmovalca.<\/li>\n\n\n\n<li>Glede na ve\u010dje \u0161tevilo prijavljenih tekmovalcev, se tekmovalce z \u017erebom razdeli v dve (2) skupini (skupina I. in skupina II.). \u017dreb bo izveden na izvedbenem sestanku.<\/li>\n\n\n\n<li>Obe skupini bosta v razpisanih terminih tekmovali slede\u010de: V prvem terminu (v soboto) bo potekala dopoldanska in popoldanska tekma in sicer dopoldan med 08.00 in 13.00 uro in popoldan med  14.00 in 19.00 uro. V drugem terminu (v nedeljo) pa bo potekala dopoldanska tekma in sicer med 08.00 in 13.00 uro.<\/li>\n\n\n\n<li>Za prvi razpisan termin bodo tekmovalci v vsaki skupin \u017erebali sektor in lovno pozicijo.<\/li>\n\n\n\n<li>Sektor se \u017ereba samo na prvem terminu, potem pa se avtomatsko prena\u0161a (A-B; B-C; C-A, itd.)<\/li>\n\n\n\n<li>Lovno pozicijo v sektorju tekmovalec \u017ereba pred pri\u010detkom vsake tekme.<\/li>\n\n\n\n<li>Tekmovanje je razdeljeno na dva (2) dela in sicer na PREDTEKMOVANJE in FINALE.&nbsp;&nbsp;&nbsp; V vsakem delu se izvedejo tri (3) tekme.<\/li>\n\n\n\n<li>Kot rezultat se bele\u017ei te\u017ea ujetih rib in kon\u010dni rezultat za vsak del tekmovanja, je skupna te\u017ea treh (3) tekem.<\/li>\n\n\n\n<li>V FINALE (3 tekme) se uvrsti najbolj\u0161ih sedem (7) tekmovalcev iz vsake skupine in pa osmo (8) uvr\u0161\u010deni tekmovalec, z ve\u010djo skupno te\u017eo iz skupine I. ali II.<\/li>\n\n\n\n<li>V kolikor imajo tekmovalci v PREDTEKMOVANJU enako kon\u010dno te\u017eo, se vi\u0161je uvrsti tekmovalec, ki je na eni posamezni tekmi ujel oz. zbral ve\u010djo te\u017eo.<\/li>\n\n\n\n<li>V kolikor imata osmo (8) uvr\u0161\u010dena iz obeh skupin v predtekmovanju enako kon\u010dno te\u017eo, se naprej uvrsti tekmovalec, ki je na eni posamezni tekmi ujel oz. zbral ve\u010djo te\u017eo.<\/li>\n\n\n\n<li>Najbolj\u0161ih petnajst (15) tekmovalcev iz PREDTEKMOVANJA, tekmuje v FINALU (3 tekme). Te\u017ea ujetih rib iz predtekmovanja se NE prena\u0161a v FINALE.<\/li>\n\n\n\n<li>V kolikor imajo tekmovalci v FINALU enako kon\u010dno te\u017eo, se vi\u0161je uvrsti tekmovalec, ki je na eni posamezni tekmi ujel oz. zbral ve\u010djo te\u017eo.<\/li>\n\n\n\n<li>Trasa je razdeljena na tri (3) sektorje (A, B in C).<\/li>\n\n\n\n<li>Dol\u017eina je omejena na sredino ribnika. Omejitev levo in desno, pa je stvar dogovora med tekmovalcema in pogojena na najbli\u017ejega sotekmovalca. Prepovedan je lov na sosednjo pozicijo drugega sektorja.<\/li>\n\n\n\n<li>Tekmovalec v vsakem sklopu treh (3) tekem tekmuje v vsakem sektorju po enkrat (1).<\/li>\n\n\n\n<li>Za vodji tekmovanja sta imenovana Benjamin \u0160krjanc in Sebastijan Lukman.<\/li>\n<\/ul>\n\n\n\n<p><strong><u>NAGRADE:<\/u><\/strong><\/p>\n\n\n\n<p>Najbolj\u0161i tekmovalci bodo za kon\u010dne uvrstitve FINALA tekmovanja prejeli denarne nagrade in sicer:<\/p>\n\n\n\n<p>1. mesto\u2026\u2026\u2026\u2026.170,00 \u20ac<\/p>\n\n\n\n<p>2. mesto\u2026\u2026\u2026\u2026.150,00 \u20ac<\/p>\n\n\n\n<p>3. mesto\u2026\u2026\u2026\u2026.100,00 \u20ac<\/p>\n\n\n\n<p>4. mesto\u2026\u2026\u2026\u2026.80,00 \u20ac,<\/p>\n\n\n\n<p>5. mesto\u2026\u2026\u2026\u2026.60,00 \u20ac in<\/p>\n\n\n\n<p>6. mesto\u2026\u2026\u2026\u2026.40,00 \u20ac<\/p>\n\n\n\n<p>Nagradni sklad in vi\u0161ina nagrad je razpisana glede na \u0161tevilo prijavljenih tekmovalcev iz predprijav. V kolikor bo dokon\u010dnih prijavah pri\u0161lo do spremembe \u0161tevila tekmovalcev, se nagradni sklad sorazmerno zmanj\u0161a.<\/p>\n\n\n\n<p><strong><u>RAZPISANI TERMINI:<\/u><\/strong><\/p>\n\n\n\n<p><strong>Predtekmovanje<\/strong><\/p>\n\n\n\n<h5 class=\"wp-block-heading has-text-align-center\">SKUPINA I<\/h5>\n\n\n\n<figure class=\"wp-block-table\"><table class=\"has-fixed-layout\"><tbody><tr><td class=\"has-text-align-center\" data-align=\"center\"> 31.5.2025 <\/td><td class=\"has-text-align-center\" data-align=\"center\">1.6.2025 <\/td><\/tr><tr><td class=\"has-text-align-center\" data-align=\"center\">8<sup>00 <\/sup>&#8211; 13<sup>00<\/sup> in 14<sup>00 <\/sup>&#8211; 19<sup>00<\/sup><\/td><td class=\"has-text-align-center\" data-align=\"center\">8<sup>00 <\/sup>&#8211; 13<sup>00<\/sup><\/td><\/tr><\/tbody><\/table><\/figure>\n\n\n\n<h5 class=\"wp-block-heading has-text-align-center\">SKUPINA II<\/h5>\n\n\n\n<figure class=\"wp-block-table\"><table class=\"has-fixed-layout\"><tbody><tr><td class=\"has-text-align-center\" data-align=\"center\"> 7.6.2025 <\/td><td class=\"has-text-align-center\" data-align=\"center\">8.6.2025 <\/td><\/tr><tr><td class=\"has-text-align-center\" data-align=\"center\">8<sup>00 <\/sup>&#8211; 13<sup>00<\/sup> in 14<sup>00 <\/sup>&#8211; 19<sup>00<\/sup><\/td><td class=\"has-text-align-center\" data-align=\"center\">8<sup>00 <\/sup>&#8211; 13<sup>00<\/sup><\/td><\/tr><\/tbody><\/table><\/figure>\n\n\n\n<p><strong>Finalno tekmovanje<\/strong><\/p>\n\n\n\n<figure class=\"wp-block-table\"><table class=\"has-fixed-layout\"><tbody><tr><td class=\"has-text-align-center\" data-align=\"center\">27.9.2025<\/td><td class=\"has-text-align-center\" data-align=\"center\">8<sup>00 <\/sup>&#8211; 13<sup>00<\/sup> in 14<sup>00 <\/sup>&#8211; 19<sup>00<\/sup><\/td><\/tr><tr><td class=\"has-text-align-center\" data-align=\"center\">28.9.2024<\/td><td class=\"has-text-align-center\" data-align=\"center\">8<sup>00 <\/sup>&#8211; 13<sup>00<\/sup><\/td><\/tr><\/tbody><\/table><\/figure>\n\n\n\n<p><strong><u>Zbor tekmovalcev je 1 uro pred pri\u010detkom tekmovanja<\/u><\/strong><\/p>\n\n\n\n<p><strong><u>SPLO\u0160NA PRAVILA TEKMOVANJA:<\/u><\/strong><\/p>\n\n\n\n<ul class=\"wp-block-list\">\n<li>Tekmovalec si sam izbere tehniko ribolova in jo med tekmovanje lahko menja.<\/li>\n\n\n\n<li>Na enkrat se lahko lovi samo z enim ribolovnim priborom.<\/li>\n\n\n\n<li>Tekmovalec si lahko pri hranjenju pomaga z roko, fra\u010do, skodelico za hranjene in pogojno s kobro. PVA v katerikoli obliki je dovoljen.<\/li>\n\n\n\n<li>Hranjene z raketo ni dovoljeno!<\/li>\n\n\n\n<li>Dodatno hranjenje se lahko izvaja med tekmovanjem. Pred tekmovanjem NI hranjenja.<\/li>\n\n\n\n<li>Za ulov \u0161teje samo pravilno ujet krap ali amur. Nepravilno ujeta riba se mora vrniti v ribnik!<\/li>\n\n\n\n<li>Tekma poteka 5 ur.<\/li>\n\n\n\n<li>Med seboj si pomagamo. V kolikor tekmovalec na sosednji pozicij potrebuje pomo\u010d mu pomagamo. V \u010dasu pomo\u010di, lahko nadaljujemo z izvajanje ribolova in ulov je veljaven.<\/li>\n\n\n\n<li>Tehta se na koncu tekmovanja, na ribolovni poziciji.<\/li>\n\n\n\n<li>Ulov se shranjuje v primerni shranjevalki (minimalna dol\u017eina vsaj 3m).<\/li>\n\n\n\n<li>Neupo\u0161tevanje pravil tekmovanja in pravil dru\u0161tva RD \u010crni graben pomeni takoj\u0161no diskvalifikacijo iz tekmovanja.<\/li>\n<\/ul>\n\n\n\n<p><strong><u>Trasa:<\/u><\/strong><\/p>\n\n\n<div class=\"wp-block-image\">\n<figure class=\"aligncenter size-full\"><img loading=\"lazy\" decoding=\"async\" width=\"822\" height=\"575\" src=\"http:\/\/rd-crnigraben.si\/wp-content\/uploads\/2023\/07\/Nova-trasa.jpg\" alt=\"\" class=\"wp-image-2598\" srcset=\"https:\/\/rd-crnigraben.si\/wp-content\/uploads\/2023\/07\/Nova-trasa.jpg 822w, https:\/\/rd-crnigraben.si\/wp-content\/uploads\/2023\/07\/Nova-trasa-300x210.jpg 300w, https:\/\/rd-crnigraben.si\/wp-content\/uploads\/2023\/07\/Nova-trasa-768x537.jpg 768w\" sizes=\"auto, (max-width: 822px) 100vw, 822px\" \/><\/figure><\/div>\n\n\n<p><strong>DOBER PRIJEM!<\/strong><\/p>\n","protected":false},"excerpt":{"rendered":"<p>Pozdravljeni Spodaj so objavljeni vsi rezultati tekmovanja ALL IN 2025. \u010cestitke! SEZNAM TEKMOVALCEV FINALE ALL IN 2025 Andrej Pu\u010dko Benjamin \u0160krjanc Damijan Umek Darko Dolinar Brane Ozmec Franci Cevzar Henry Bartol Janko Marko \u017diga Zajc Milena Igli\u010d Nejc Ker\u017ean Roman Vil\u010dnik Sandi Ceglar Tim Cevzar \u017diga \u0160krjanc SEZNAM TEKMOVALCEV PREDTEKMOVANJE ALL IN 2025 Andrej Pu\u010dko&hellip; <br \/> <a class=\"read-more\" href=\"https:\/\/rd-crnigraben.si\/index.php\/all-in-2025-3\/\">Read more<\/a><\/p>\n","protected":false},"author":1,"featured_media":0,"parent":0,"menu_order":0,"comment_status":"closed","ping_status":"closed","template":"","meta":{"footnotes":""},"class_list":["post-3070","page","type-page","status-publish","hentry"],"aioseo_notices":[],"_links":{"self":[{"href":"https:\/\/rd-crnigraben.si\/index.php\/wp-json\/wp\/v2\/pages\/3070","targetHints":{"allow":["GET"]}}],"collection":[{"href":"https:\/\/rd-crnigraben.si\/index.php\/wp-json\/wp\/v2\/pages"}],"about":[{"href":"https:\/\/rd-crnigraben.si\/index.php\/wp-json\/wp\/v2\/types\/page"}],"author":[{"embeddable":true,"href":"https:\/\/rd-crnigraben.si\/index.php\/wp-json\/wp\/v2\/users\/1"}],"replies":[{"embeddable":true,"href":"https:\/\/rd-crnigraben.si\/index.php\/wp-json\/wp\/v2\/comments?post=3070"}],"version-history":[{"count":1,"href":"https:\/\/rd-crnigraben.si\/index.php\/wp-json\/wp\/v2\/pages\/3070\/revisions"}],"predecessor-version":[{"id":3071,"href":"https:\/\/rd-crnigraben.si\/index.php\/wp-json\/wp\/v2\/pages\/3070\/revisions\/3071"}],"wp:attachment":[{"href":"https:\/\/rd-crnigraben.si\/index.php\/wp-json\/wp\/v2\/media?parent=3070"}],"curies":[{"name":"wp","href":"https:\/\/api.w.org\/{rel}","templated":true}]}}