{"id":415,"date":"2020-05-18T08:12:37","date_gmt":"2020-05-18T08:12:37","guid":{"rendered":"http:\/\/test.rd-crnigraben.si\/?page_id=415"},"modified":"2023-03-18T17:57:56","modified_gmt":"2023-03-18T17:57:56","slug":"prevoje-3","status":"publish","type":"page","link":"https:\/\/rd-crnigraben.si\/index.php\/revirji\/prevoje-3\/","title":{"rendered":"Prevoje 3 &#8211; Nackov ribnik"},"content":{"rendered":"\n<div class=\"wp-block-columns is-layout-flex wp-container-core-columns-is-layout-9d6595d7 wp-block-columns-is-layout-flex\">\n<div class=\"wp-block-column is-layout-flow wp-block-column-is-layout-flow\">\n<figure class=\"wp-block-gallery has-nested-images columns-2 is-cropped wp-block-gallery-1 is-layout-flex wp-block-gallery-is-layout-flex\">\n<figure class=\"wp-block-image size-large\"><a href=\"http:\/\/rd-crnigraben.si\/wp-content\/uploads\/2020\/05\/prevoje3_3-1024x768.jpg\"><img loading=\"lazy\" decoding=\"async\" width=\"1024\" height=\"768\" data-id=\"419\" src=\"http:\/\/rd-crnigraben.si\/wp-content\/uploads\/2020\/05\/prevoje3_3-1024x768.jpg\" alt=\"\" class=\"wp-image-419\" srcset=\"https:\/\/rd-crnigraben.si\/wp-content\/uploads\/2020\/05\/prevoje3_3-1024x768.jpg 1024w, https:\/\/rd-crnigraben.si\/wp-content\/uploads\/2020\/05\/prevoje3_3-300x225.jpg 300w, https:\/\/rd-crnigraben.si\/wp-content\/uploads\/2020\/05\/prevoje3_3-768x576.jpg 768w, https:\/\/rd-crnigraben.si\/wp-content\/uploads\/2020\/05\/prevoje3_3-1536x1152.jpg 1536w, https:\/\/rd-crnigraben.si\/wp-content\/uploads\/2020\/05\/prevoje3_3-2048x1536.jpg 2048w, https:\/\/rd-crnigraben.si\/wp-content\/uploads\/2020\/05\/prevoje3_3-1440x1080.jpg 1440w\" sizes=\"auto, (max-width: 1024px) 100vw, 1024px\" \/><\/a><\/figure>\n\n\n\n<figure class=\"wp-block-image size-large\"><a href=\"http:\/\/rd-crnigraben.si\/wp-content\/uploads\/2020\/05\/prevoje3_2-1024x768.jpg\"><img loading=\"lazy\" decoding=\"async\" width=\"1024\" height=\"768\" data-id=\"418\" src=\"http:\/\/rd-crnigraben.si\/wp-content\/uploads\/2020\/05\/prevoje3_2-1024x768.jpg\" alt=\"\" class=\"wp-image-418\" srcset=\"https:\/\/rd-crnigraben.si\/wp-content\/uploads\/2020\/05\/prevoje3_2-1024x768.jpg 1024w, https:\/\/rd-crnigraben.si\/wp-content\/uploads\/2020\/05\/prevoje3_2-300x225.jpg 300w, https:\/\/rd-crnigraben.si\/wp-content\/uploads\/2020\/05\/prevoje3_2-768x576.jpg 768w, https:\/\/rd-crnigraben.si\/wp-content\/uploads\/2020\/05\/prevoje3_2-1536x1152.jpg 1536w, https:\/\/rd-crnigraben.si\/wp-content\/uploads\/2020\/05\/prevoje3_2-2048x1536.jpg 2048w, https:\/\/rd-crnigraben.si\/wp-content\/uploads\/2020\/05\/prevoje3_2-1440x1080.jpg 1440w\" sizes=\"auto, (max-width: 1024px) 100vw, 1024px\" \/><\/a><\/figure>\n\n\n\n<figure class=\"wp-block-image size-large\"><a href=\"https:\/\/rd-crnigraben.si\/wp-content\/uploads\/2022\/04\/3-ka.png\"><img loading=\"lazy\" decoding=\"async\" width=\"523\" height=\"350\" data-id=\"2058\" src=\"https:\/\/rd-crnigraben.si\/wp-content\/uploads\/2022\/04\/3-ka-edited.png\" alt=\"\" class=\"wp-image-2058\" srcset=\"https:\/\/rd-crnigraben.si\/wp-content\/uploads\/2022\/04\/3-ka-edited.png 523w, https:\/\/rd-crnigraben.si\/wp-content\/uploads\/2022\/04\/3-ka-edited-300x201.png 300w\" sizes=\"auto, (max-width: 523px) 100vw, 523px\" \/><\/a><\/figure>\n<\/figure>\n<\/div>\n\n\n\n<div class=\"wp-block-column is-layout-flow wp-block-column-is-layout-flow\">\n<div class=\"wp-block-group\"><div class=\"wp-block-group__inner-container is-layout-flow wp-block-group-is-layout-flow\">\n<p class=\"has-text-align-left\"><strong>Ribolovni re\u017eim:<\/strong> Ujemi in spusti<\/p>\n\n\n\n<p class=\"has-text-align-left\"><strong>Vrste ribolova:&nbsp;<\/strong>talni ribolov, beli\u010darjenje, vija\u010denje, muharjenje<\/p>\n\n\n\n<p class=\"has-text-align-left\"><strong>Vrste rib:&nbsp;<\/strong>Krap, Klen, Linj, Ostri\u017e, \u0160\u010duka<\/p>\n\n\n\n<hr class=\"wp-block-separator has-css-opacity\"\/>\n\n\n\n<h4 class=\"wp-block-heading has-text-align-left\">OBVEZNA OPREMA<\/h4>\n\n\n\n<ul class=\"wp-block-list\">\n<li>2 ribolovna pribora<\/li>\n\n\n\n<li>podmetalka (100cm)<\/li>\n\n\n\n<li>antiseptik<\/li>\n\n\n\n<li>obvezna blazina ali banja za odpenjanje rib<\/li>\n\n\n\n<li>obvezna je uporaba brezzalustnega trnka<\/li>\n<\/ul>\n<\/div><\/div>\n<\/div>\n<\/div>\n\n\n\n<p><strong>Ribolovno obmo\u010dje<\/strong>:<\/p>\n\n\n\n<p>Ribolov je dovoljen samo na neozna\u010denem delu revirja. Z rde\u010do barvo so ozna\u010dene mirne cone. Ribolov v mirni coni ni dovoljen!<\/p>\n","protected":false},"excerpt":{"rendered":"<p>Ribolovno obmo\u010dje: Ribolov je dovoljen samo na neozna\u010denem delu revirja. Z rde\u010do barvo so ozna\u010dene mirne cone. Ribolov v mirni coni ni dovoljen!<\/p>\n","protected":false},"author":1,"featured_media":0,"parent":125,"menu_order":0,"comment_status":"closed","ping_status":"closed","template":"","meta":{"footnotes":""},"class_list":["post-415","page","type-page","status-publish","hentry"],"aioseo_notices":[],"_links":{"self":[{"href":"https:\/\/rd-crnigraben.si\/index.php\/wp-json\/wp\/v2\/pages\/415","targetHints":{"allow":["GET"]}}],"collection":[{"href":"https:\/\/rd-crnigraben.si\/index.php\/wp-json\/wp\/v2\/pages"}],"about":[{"href":"https:\/\/rd-crnigraben.si\/index.php\/wp-json\/wp\/v2\/types\/page"}],"author":[{"embeddable":true,"href":"https:\/\/rd-crnigraben.si\/index.php\/wp-json\/wp\/v2\/users\/1"}],"replies":[{"embeddable":true,"href":"https:\/\/rd-crnigraben.si\/index.php\/wp-json\/wp\/v2\/comments?post=415"}],"version-history":[{"count":5,"href":"https:\/\/rd-crnigraben.si\/index.php\/wp-json\/wp\/v2\/pages\/415\/revisions"}],"predecessor-version":[{"id":2060,"href":"https:\/\/rd-crnigraben.si\/index.php\/wp-json\/wp\/v2\/pages\/415\/revisions\/2060"}],"up":[{"embeddable":true,"href":"https:\/\/rd-crnigraben.si\/index.php\/wp-json\/wp\/v2\/pages\/125"}],"wp:attachment":[{"href":"https:\/\/rd-crnigraben.si\/index.php\/wp-json\/wp\/v2\/media?parent=415"}],"curies":[{"name":"wp","href":"https:\/\/api.w.org\/{rel}","templated":true}]}}