{"id":429,"date":"2020-05-18T08:17:29","date_gmt":"2020-05-18T08:17:29","guid":{"rendered":"http:\/\/test.rd-crnigraben.si\/?page_id=429"},"modified":"2023-03-17T15:37:09","modified_gmt":"2023-03-17T15:37:09","slug":"lovski-toncev-bajer","status":"publish","type":"page","link":"https:\/\/rd-crnigraben.si\/index.php\/revirji\/lovski-toncev-bajer\/","title":{"rendered":"Zabor\u0161t &#8211; Ton\u010dev ribnik"},"content":{"rendered":"\n<div class=\"wp-block-columns is-layout-flex wp-container-core-columns-is-layout-9d6595d7 wp-block-columns-is-layout-flex\">\n<div class=\"wp-block-column is-layout-flow wp-block-column-is-layout-flow\">\n<figure class=\"wp-block-gallery has-nested-images columns-default is-cropped wp-block-gallery-1 is-layout-flex wp-block-gallery-is-layout-flex\">\n<figure class=\"wp-block-image size-large\"><a href=\"https:\/\/rd-crnigraben.si\/wp-content\/uploads\/2020\/05\/prevoje1_2-scaled.jpg\"><img loading=\"lazy\" decoding=\"async\" width=\"1024\" height=\"768\" data-id=\"432\" src=\"http:\/\/rd-crnigraben.si\/wp-content\/uploads\/2020\/05\/prevoje1_2-1024x768.jpg\" alt=\"\" class=\"wp-image-432\" srcset=\"https:\/\/rd-crnigraben.si\/wp-content\/uploads\/2020\/05\/prevoje1_2-1024x768.jpg 1024w, https:\/\/rd-crnigraben.si\/wp-content\/uploads\/2020\/05\/prevoje1_2-300x225.jpg 300w, https:\/\/rd-crnigraben.si\/wp-content\/uploads\/2020\/05\/prevoje1_2-768x576.jpg 768w, https:\/\/rd-crnigraben.si\/wp-content\/uploads\/2020\/05\/prevoje1_2-1536x1152.jpg 1536w, https:\/\/rd-crnigraben.si\/wp-content\/uploads\/2020\/05\/prevoje1_2-2048x1536.jpg 2048w, https:\/\/rd-crnigraben.si\/wp-content\/uploads\/2020\/05\/prevoje1_2-1440x1080.jpg 1440w\" sizes=\"auto, (max-width: 1024px) 100vw, 1024px\" \/><\/a><\/figure>\n\n\n\n<figure class=\"wp-block-image size-large\"><a href=\"https:\/\/rd-crnigraben.si\/wp-content\/uploads\/2020\/05\/prevoje1_1-1.jpg\"><img loading=\"lazy\" decoding=\"async\" width=\"1024\" height=\"768\" data-id=\"431\" src=\"http:\/\/rd-crnigraben.si\/wp-content\/uploads\/2020\/05\/prevoje1_1-1-1024x768.jpg\" alt=\"\" class=\"wp-image-431\" srcset=\"https:\/\/rd-crnigraben.si\/wp-content\/uploads\/2020\/05\/prevoje1_1-1-1024x768.jpg 1024w, https:\/\/rd-crnigraben.si\/wp-content\/uploads\/2020\/05\/prevoje1_1-1-300x225.jpg 300w, https:\/\/rd-crnigraben.si\/wp-content\/uploads\/2020\/05\/prevoje1_1-1-768x576.jpg 768w, https:\/\/rd-crnigraben.si\/wp-content\/uploads\/2020\/05\/prevoje1_1-1-1536x1152.jpg 1536w, https:\/\/rd-crnigraben.si\/wp-content\/uploads\/2020\/05\/prevoje1_1-1-2048x1536.jpg 2048w, https:\/\/rd-crnigraben.si\/wp-content\/uploads\/2020\/05\/prevoje1_1-1-1440x1080.jpg 1440w\" sizes=\"auto, (max-width: 1024px) 100vw, 1024px\" \/><\/a><\/figure>\n<\/figure>\n\n\n<div class=\"wp-block-image\">\n<figure class=\"aligncenter size-full\"><img loading=\"lazy\" decoding=\"async\" width=\"524\" height=\"351\" src=\"http:\/\/rd-crnigraben.si\/wp-content\/uploads\/2022\/04\/1-ka-edited.png\" alt=\"\" class=\"wp-image-2068\" srcset=\"https:\/\/rd-crnigraben.si\/wp-content\/uploads\/2022\/04\/1-ka-edited.png 524w, https:\/\/rd-crnigraben.si\/wp-content\/uploads\/2022\/04\/1-ka-edited-300x201.png 300w\" sizes=\"auto, (max-width: 524px) 100vw, 524px\" \/><\/figure>\n<\/div><\/div>\n\n\n\n<div class=\"wp-block-column is-layout-flow wp-block-column-is-layout-flow\">\n<div class=\"wp-block-group\"><div class=\"wp-block-group__inner-container is-layout-flow wp-block-group-is-layout-flow\">\n<p class=\"has-text-align-left\"><strong>Ribolovni re\u017eim:<\/strong> Ujemi in odnesi<\/p>\n\n\n\n<p class=\"has-text-align-left\"><strong>Vrste ribolova:&nbsp;<\/strong>talni ribolov, beli\u010darjenje, vija\u010denje, muharjenje<\/p>\n\n\n\n<p class=\"has-text-align-left\"><strong>Vrste rib:&nbsp;<\/strong>Krap<\/p>\n\n\n\n<hr class=\"wp-block-separator has-css-opacity\"\/>\n\n\n\n<h4 class=\"wp-block-heading has-text-align-left\">OBVEZNA OPREMA<\/h4>\n\n\n\n<ul class=\"wp-block-list\">\n<li>1 ribolovni pribor<\/li>\n\n\n\n<li>podmetalka<\/li>\n\n\n\n<li>antiseptik<\/li>\n\n\n\n<li>blazina (priporo\u010dljiva)<\/li>\n\n\n\n<li>obvezna je uporaba brezzalustnega trnka<\/li>\n<\/ul>\n<\/div><\/div>\n<\/div>\n<\/div>\n\n\n\n<p><strong>Ribolovno obmo\u010dje<\/strong>:<\/p>\n\n\n\n<p>Ribolov je dovoljen samo na neozna\u010denem delu revirja. Z rde\u010do barvo so ozna\u010dene mirne cone. Ribolov v mirni coni ni dovoljen!<\/p>\n","protected":false},"excerpt":{"rendered":"<p>Ribolovno obmo\u010dje: Ribolov je dovoljen samo na neozna\u010denem delu revirja. Z rde\u010do barvo so ozna\u010dene mirne cone. Ribolov v mirni coni ni dovoljen!<\/p>\n","protected":false},"author":1,"featured_media":0,"parent":125,"menu_order":0,"comment_status":"closed","ping_status":"closed","template":"","meta":{"footnotes":""},"class_list":["post-429","page","type-page","status-publish","hentry"],"aioseo_notices":[],"_links":{"self":[{"href":"https:\/\/rd-crnigraben.si\/index.php\/wp-json\/wp\/v2\/pages\/429","targetHints":{"allow":["GET"]}}],"collection":[{"href":"https:\/\/rd-crnigraben.si\/index.php\/wp-json\/wp\/v2\/pages"}],"about":[{"href":"https:\/\/rd-crnigraben.si\/index.php\/wp-json\/wp\/v2\/types\/page"}],"author":[{"embeddable":true,"href":"https:\/\/rd-crnigraben.si\/index.php\/wp-json\/wp\/v2\/users\/1"}],"replies":[{"embeddable":true,"href":"https:\/\/rd-crnigraben.si\/index.php\/wp-json\/wp\/v2\/comments?post=429"}],"version-history":[{"count":8,"href":"https:\/\/rd-crnigraben.si\/index.php\/wp-json\/wp\/v2\/pages\/429\/revisions"}],"predecessor-version":[{"id":2425,"href":"https:\/\/rd-crnigraben.si\/index.php\/wp-json\/wp\/v2\/pages\/429\/revisions\/2425"}],"up":[{"embeddable":true,"href":"https:\/\/rd-crnigraben.si\/index.php\/wp-json\/wp\/v2\/pages\/125"}],"wp:attachment":[{"href":"https:\/\/rd-crnigraben.si\/index.php\/wp-json\/wp\/v2\/media?parent=429"}],"curies":[{"name":"wp","href":"https:\/\/api.w.org\/{rel}","templated":true}]}}